{"id":17,"date":"2018-11-19T19:50:38","date_gmt":"2018-11-19T19:50:38","guid":{"rendered":"http:\/\/rishabh.sharkz.in\/?page_id=17"},"modified":"2026-03-27T17:11:09","modified_gmt":"2026-03-27T17:11:09","slug":"home","status":"publish","type":"page","link":"https:\/\/accessbusinessenglish.com\/es\/","title":{"rendered":"Inicio"},"content":{"rendered":"<div style=\"height:40px\" aria-hidden=\"true\" class=\"wp-block-spacer\"><\/div>\n\n\n\n<p class=\"has-text-align-left gold-edge has-theme-palette-1-color has-ast-global-color-0-background-color has-text-color has-background\" style=\"font-size:20px;line-height:1.4\"><strong>Bienvenido a Access! Business English...su camino hacia la mejora del ingl\u00e9s de negocios!<\/strong><\/p>\n\n\n\n<p class=\"has-text-align-left has-ast-global-color-0-color has-text-color has-link-color wp-elements-fb404370e213441bf90f8e63f320cb6f\" style=\"margin-top:0px;margin-right:0px;margin-bottom:0px;margin-left:0px;font-size:17px;line-height:1.4\">En Access! Business English contamos con una amplia experiencia profesional en viajes, turismo y aviaci\u00f3n a nivel global. Nuestros cursos abarcan aerol\u00edneas, viajes terrestres y mar\u00edtimos, agencias de viajes, operadores tur\u00edsticos, hosteler\u00eda y organizaci\u00f3nes oficiales de turismo. Contamos con una amplia experiencia internacional en la ense\u00f1anza de ingl\u00e9s de negocios en estos sectores y nuestro m\u00e9todo de ense\u00f1anza incluye cursos en l\u00ednea presenciales y de aprendizaje electr\u00f3nico.<\/p>\n\n\n\n<p><\/p>\n\n\n\n<p class=\"has-ast-global-color-0-color has-text-color\" style=\"font-size:17px;line-height:1.4\">Ofrecemos cinco productos principales:<\/p>\n\n\n\n<p class=\"has-ast-global-color-0-color has-text-color\" style=\"font-size:18px;line-height:1.4\"><strong>(1) Estudiantes individuales en l\u00ednea  - cursos de conversaci\u00f3n en ingl\u00e9s de negocios personalizados<\/strong><\/p>\n\n\n\n<p class=\"has-ast-global-color-0-color has-text-color has-link-color wp-elements-7b7bae25224f453cdca1e6fc7a0c895c\" style=\"font-size:17px;letter-spacing:em;line-height:1.3\">Nuestros cursos de conversaci\u00f3n en ingl\u00e9s de negocios est\u00e1n dise\u00f1ados para mejorar el nivel de expresi\u00f3n oral del estudiante en relaci\u00f3n con los temas principales del programa<em>.<\/em> Adem\u00e1s de una lecci\u00f3n de prueba gratuita en l\u00ednea, los clientes pueden comprar paquetes de cursos de conversaci\u00f3n de negocios de 5, 10, 25 y 50 horas. Visite nuestra tienda para m\u00e1s informaci\u00f3n: <a href=\"https:\/\/accessbusinessenglish.com\/es\/shop\/\"><strong><em>https:\/\/accessbusinessenglish.com\/shop\/<\/em><\/strong><\/a><\/p>\n\n\n\n<p class=\"has-ast-global-color-0-color has-text-color\" style=\"font-size:17px;line-height:1.4\">Haga clic en el siguiente enlace para obtener m\u00e1s informaci\u00f3n, incluidos detalles de lecciones de muestra de conversaci\u00f3n en ingl\u00e9s de negocios.<\/p>\n\n\n\n<div class=\"wp-block-columns is-layout-flex wp-container-core-columns-is-layout-9d6595d7 wp-block-columns-is-layout-flex\">\n<div class=\"wp-block-column is-layout-flow wp-block-column-is-layout-flow\">\n<div class=\"wp-block-buttons is-layout-flex wp-block-buttons-is-layout-flex\">\n<div class=\"wp-block-button has-custom-width wp-block-button__width-50 is-style-outline is-style-outline--1\"><a class=\"wp-block-button__link has-theme-palette-2-color has-theme-palette-1-background-color has-text-color has-background has-link-color has-border-color has-theme-palette-2-border-color has-custom-font-size wp-element-button\" href=\"https:\/\/accessbusinessenglish.com\/es\/our-products\/english-conversation-courses\/\" style=\"border-width:2px;border-top-left-radius:15px;border-top-right-radius:15px;border-bottom-left-radius:15px;border-bottom-right-radius:15px;padding-top:20px;padding-right:20px;padding-bottom:20px;padding-left:20px;font-size:17px\"><strong>Ejemplos de cursos de conversaci\u00f3n<\/strong><\/a><\/div>\n<\/div>\n<\/div>\n<\/div>\n\n\n\n<p class=\"has-text-align-left has-ast-global-color-0-color has-text-color\" style=\"font-size:18px;line-height:1.4\"><strong>(2) Estudiantes individuales en l\u00ednea: cursos de aprendizaje electr\u00f3nico personalizados <\/strong><\/p>\n\n\n\n<p class=\"has-text-align-justify has-ast-global-color-0-color has-text-color has-link-color wp-elements-6f7d0f40af26fe4bcf84c0d1357f70fe\" style=\"font-size:17px;letter-spacing:0px;line-height:1.4\">Le invitamos a descargar una muestra gratuita de nuestro curso de aprendizaje electr\u00f3nico <strong>\u00abOperaciones de vuelo y operaciones en tierra\u00bb<\/strong> Le invitamos a descargar una muestra gratuita de nuestro curso de autoaprendizaje en l\u00ednea sobre aviaci\u00f3n, que abarca \u00abOperaciones de vuelo\u00bb y \u00abOperaciones terrestres del aeropuerto\u00bb en los niveles B\u00e1sico, Intermedio y Avanzado, para que pueda ver c\u00f3mo est\u00e1n estructurados nuestros cursos en l\u00ednea y tambi\u00e9n estudiar los tres niveles para decidir cu\u00e1l es el m\u00e1s adecuado para usted.<\/p>\n\n\n\n<p class=\"has-text-align-justify has-ast-global-color-0-color has-text-color\" style=\"font-size:17px;letter-spacing:0px;line-height:1.4\">Estos cursos del aprendizaje electr\u00f3nico tienen como objetivo mejorar el nivel de ingl\u00e9s de negocios del estudiante, as\u00ed como su conocimientos profesionales. Se ofrecen en los niveles B\u00e1sico, Intermedio y Avanzado. Los cursos incluyen unos textos, unas grabaciones de audio de hablantes nativos de ingl\u00e9s, unos cuestionarios de opci\u00f3n m\u00faltiple. Son de tama\u00f1o 'bite-size', flexibles y accesibles en ordenadores port\u00e1tiles, tablets y tel\u00e9fonos m\u00f3viles.<\/p>\n\n\n\n<div class=\"wp-block-buttons is-layout-flex wp-block-buttons-is-layout-flex\">\n<div class=\"wp-block-button has-custom-width wp-block-button__width-50 is-style-outline is-style-outline--2\"><a class=\"wp-block-button__link has-theme-palette-15-color has-theme-palette-1-background-color has-text-color has-background has-link-color has-border-color has-theme-palette-2-border-color has-custom-font-size wp-element-button\" href=\"https:\/\/accessbusinessenglish.com\/es\/free-samples-of-e-learning-courses\/\" style=\"border-width:2px;border-radius:15px;padding-top:20px;padding-right:20px;padding-bottom:20px;padding-left:20px;font-size:17px\"><strong>Ejemplos de cursos de eLearning<\/strong><\/a><\/div>\n<\/div>\n\n\n\n<p><\/p>\n\n\n\n<p class=\"has-ast-global-color-0-color has-text-color has-link-color wp-elements-deecbc2ec3721bcd4441f85710fab0db\" style=\"font-size:18px;line-height:1.4\"><strong>Clientes corporativos y acad\u00e9micos: cursos ingl\u00e9s de negocios personalizados, cursos de conversaci\u00f3n, cursos de aprendizaje electr\u00f3nico y podcasts<\/strong><\/p>\n\n\n\n<p class=\"has-ast-global-color-0-color has-text-color has-link-color wp-elements-ad8348be415f8e196204f59278878b0f\" style=\"font-size:17px;letter-spacing:0.02em;line-height:1.4\">Ofrecemos cursos de ingl\u00e9s de negocios en l\u00ednea o presenciales, as\u00ed como cursos de aprendizaje electr\u00f3nico. Nuestros cursos cortos contienen un m\u00ednimo de 5 m\u00f3dulos sobre temas como: <em>\u00abHow to create a Low-cost airline\u00bb<\/em> y <em>\u00abHow to create an ecotourism economy\u00bb<\/em>en una regi\u00f3n empobrecida como El Ca\u00f1\u00f3n de Cotahuasi en el sur del Per\u00fa. Kieron Heath fue el responsable de la creaci\u00f3n de estos dos importantes proyectos en Per\u00fa en los \u00faltimos a\u00f1os. Para m\u00e1s informaci\u00f3n, contacte con: <a href=\"mailto:kieron.heath@accessbusinessenglish.com\"><strong><em>kieron.heath@accessbusinessenglish.com<\/em><\/strong><\/a><\/p>\n\n\n\n<p><\/p>\n\n\n\n<div class=\"wp-block-buttons is-horizontal is-layout-flex wp-block-buttons-is-layout-flex\">\n<div class=\"wp-block-button has-custom-width wp-block-button__width-50 is-style-outline is-style-outline--3\"><a class=\"wp-block-button__link has-theme-palette-15-color has-theme-palette-1-background-color has-text-color has-background has-link-color has-custom-font-size wp-element-button\" href=\"https:\/\/accessbusinessenglish.com\/es\/the-incajet-airlines-project\/\" style=\"border-width:2px;border-radius:15px;padding-top:20px;padding-right:var(--wp--preset--spacing--30);padding-bottom:20px;padding-left:var(--wp--preset--spacing--30);font-size:17px\"><strong>Incajet, Per\u00fa \u2013 proyecto de aerol\u00ednea 'Low-cost'<\/strong><\/a><\/div>\n\n\n\n<div class=\"wp-block-button has-custom-width wp-block-button__width-50 is-style-outline is-style-outline--4\"><a class=\"wp-block-button__link has-theme-palette-15-color has-theme-palette-1-background-color has-text-color has-background has-link-color has-border-color has-theme-palette-2-border-color has-custom-font-size wp-element-button\" href=\"https:\/\/accessbusinessenglish.com\/es\/ecotourism-project-peruvian-andes\/\" style=\"border-width:2px;border-radius:15px;padding-top:20px;padding-right:20px;padding-bottom:20px;padding-left:20px;font-size:17px\"><strong>Desarrollo de ecoturismo en los Andes peruanos<\/strong><\/a><\/div>\n<\/div>\n\n\n\n<p><\/p>\n\n\n\n<p class=\"has-ast-global-color-0-color has-text-color has-link-color wp-elements-34e708664fd533841353e23ba7ca7fc1\" style=\"font-size:18px;line-height:1.4\"><strong>(4) Blogcasts <\/strong><br><\/p>\n\n\n\n<p class=\"has-ast-global-color-0-color has-text-color has-link-color wp-elements-9ae665558e7e4469e7ca685d8fbdc83d\" style=\"font-size:17px;line-height:1.4\">Ofrecemos podcasts gratuitos de forma peri\u00f3dica que incluyen un texto acompa\u00f1ado de una grabaci\u00f3n de audio para ayudarle a mejorar su ingl\u00e9s comercial. Para obtener m\u00e1s informaci\u00f3n, haz clic en el siguiente enlace y descubre los distintos temas que tratamos en nuestros podcasts.<\/p>\n\n\n\n<p><\/p>\n\n\n\n<div class=\"wp-block-columns is-layout-flex wp-container-core-columns-is-layout-9d6595d7 wp-block-columns-is-layout-flex\">\n<div class=\"wp-block-column is-layout-flow wp-block-column-is-layout-flow\">\n<div class=\"wp-block-buttons is-layout-flex wp-block-buttons-is-layout-flex\">\n<div class=\"wp-block-button has-custom-width wp-block-button__width-50 is-style-outline is-style-outline--5\"><a class=\"wp-block-button__link has-theme-palette-2-color has-theme-palette-1-background-color has-text-color has-background has-link-color has-custom-font-size wp-element-button\" href=\"https:\/\/accessbusinessenglish.com\/es\/scotlands-loganair-evaluating-betas-electric-alia-aircraft\/\" style=\"border-width:2px;border-top-left-radius:15px;border-top-right-radius:15px;border-bottom-left-radius:15px;border-bottom-right-radius:15px;padding-top:20px;padding-bottom:20px;font-size:17px\"><strong>Blogcasts<\/strong><\/a><\/div>\n<\/div>\n<\/div>\n<\/div>\n\n\n\n<p><\/p>\n\n\n\n<p class=\"has-ast-global-color-0-color has-text-color has-link-color wp-elements-ec3b22148bff063f74b278fb6c7f41e3\" style=\"font-size:18px\"><strong>(5) Revisi\u00f3n y edici\u00f3n de textos<\/strong><\/p>\n\n\n\n<p class=\"has-ast-global-color-0-color has-text-color has-link-color wp-elements-370e8429167eaeef32dd40e24925f96a\" style=\"font-size:17px;line-height:1.4\">Nos especializamos en la edici\u00f3n profesional de textos comerciales para organizaciones del sector de la aviaci\u00f3n, los viajes y el turismo. Ayudamos a empresas y organizaciones a comunicarse de forma clara y profesional en ingl\u00e9s. Nuestros servicios incluyen la correcci\u00f3n de pruebas, la edici\u00f3n de textos y la mejora de contenidos para informes, manuales, materiales de marketing, sitios web y recursos de formaci\u00f3n. Nos centramos en la terminolog\u00eda espec\u00edfica del sector, la precisi\u00f3n y la legibilidad, asegur\u00e1ndonos de que su mensaje llegue con claridad a su p\u00fablico. Ofrecemos soluciones de edici\u00f3n personalizadas que mejoran sus comunicaciones y aumentan su impacto internacional.<\/p>\n\n\n\n<p><\/p>\n\n\n\n<p class=\"has-ast-global-color-0-color has-text-color\" style=\"font-size:17px;line-height:1.4\">Confiamos en que disfrutar\u00e1 mejorando su ingl\u00e9s de negocios con nosotros y si tiene alg\u00fan comentario o sugerencia para futuros cursos, h\u00e1ganoslo saber. Adem\u00e1s, si tiene alguna pregunta, p\u00f3ngase en contacto con<strong>: <\/strong><a class=\"ek-link\" href=\"mailto:kieron.heath@accessbusinessenglish.com\"><strong><em>kieron.heath@accessbusinessenglish.com<\/em><\/strong><\/a><\/p>\n\n\n\n<p style=\"line-height:0\"><\/p>\n\n\n\n<section class=\"wp-block-uagb-columns uagb-columns__wrap uagb-columns__background-color uagb-columns__stack-none uagb-columns__valign- uagb-columns__gap-10 align uagb-block-495828e7 uagb-columns__columns-1 uagb-columns__max_width-theme\"><div class=\"uagb-columns__overlay\"><\/div><div class=\"uagb-columns__inner-wrap uagb-columns__columns-1\">\n<div class=\"wp-block-uagb-column uagb-column__wrap uagb-column__background-undefined uagb-block-3d482da7\"><div class=\"uagb-column__overlay\"><\/div>\n\n<\/div>\n<\/div><\/section>\n\n\n\n<div class=\"wp-block-columns is-layout-flex wp-container-core-columns-is-layout-9d6595d7 wp-block-columns-is-layout-flex\">\n<div class=\"wp-block-column is-layout-flow wp-block-column-is-layout-flow\">\n<div class=\"wp-block-columns is-layout-flex wp-container-core-columns-is-layout-9d6595d7 wp-block-columns-is-layout-flex\">\n<div class=\"wp-block-column is-layout-flow wp-block-column-is-layout-flow\" style=\"flex-basis:25%\"><\/div>\n\n\n\n<div class=\"wp-block-column is-layout-flow wp-block-column-is-layout-flow\" style=\"flex-basis:50%\"><\/div>\n\n\n\n<div class=\"wp-block-column is-layout-flow wp-block-column-is-layout-flow\" style=\"flex-basis:25%\"><\/div>\n<\/div>\n<\/div>\n\n\n\n<div class=\"wp-block-column is-layout-flow wp-block-column-is-layout-flow\"><\/div>\n<\/div>\n\n\n\n<p><\/p>\n\n\n\n<p><\/p>\n\n\n\n<p><\/p>\n\n\n<div class=\"learndash-wrap\"><div class=\"learndash-wrapper ld-registration__outer-wrapper\">\n\t<div class=\"learndash-registration-wrapper\" style=\"\" >\n\t\t<div\n\t\t\tclass=\"ld-registration__wrapper ld-registration__wrapper--login\"\n\t\t\tdata-js=\"learndash-view\"\n\t\t\tdata-learndash-breakpoints=\"{&quot;breakpoints&quot;:{&quot;mobile&quot;:375,&quot;tablet&quot;:420,&quot;extra-small&quot;:600,&quot;small&quot;:720,&quot;medium&quot;:960,&quot;large&quot;:1240,&quot;wide&quot;:1440}}\"\n\t\t\tdata-learndash-breakpoint-pointer=\"120cf425-c051-4e21-afa1-a688fb7c7231\"\n\t\t>\n\t\t\t<div class=\"ld-registration__form\">\n\t\t\t\t\n\t\t\t\t\n\t\t\t\t\t\t\t\t\t<div class=\"ld-registration__forgot-password-container\">\n\t\t\t\t\t\t<h2 class=\"ld-registration__heading\">\n\t\t\t\t\t\t\tForgot Password\t\t\t\t\t\t<\/h2>\n\t\t\t\t\t\t<form action=\"\" method=\"POST\" class=\"ld-form ld-registration__forgot-password-form\" data-trp-original-action=\"\">\n\t\t\t\t\t\t\t<label for=\"user_login\">Username or Email Address *<\/label>\n\t\t\t\t\t\t\t<div class=\"ld-form__field-wrapper ld-form__field-user_login-wrapper\">\n\t\t\t\t\t\t\t\t<input\n\t\t\t\t\t\t\t\t\ttype=\"text\"\n\t\t\t\t\t\t\t\t\tname=\"user_login\"\n\t\t\t\t\t\t\t\t\tid=\"user_login\"\n\t\t\t\t\t\t\t\t\tautocapitalize=\"off\"\n\t\t\t\t\t\t\t\t\tautocomplete=\"off\"\n\t\t\t\t\t\t\t\t\tclass=\"ld-form__field ld-form__field-user_login\"\n\t\t\t\t\t\t\t\t\/>\n\t\t\t\t\t\t\t<\/div>\n\t\t\t\t\t\t\t<input type=\"hidden\" id=\"learndash-reset-password-form-nonce\" name=\"learndash-reset-password-form-nonce\" value=\"bb53e1e8e2\" \/><input type=\"hidden\" name=\"_wp_http_referer\" value=\"\/es\/wp-json\/wp\/v2\/pages\/17\" \/>\t\t\t\t\t\t\t<input\n\t\t\t\t\t\t\t\ttype=\"submit\"\n\t\t\t\t\t\t\t\tvalue=\"Reset Password\"\n\t\t\t\t\t\t\t\tclass=\"button button-primary button-large wp-element-button\"\n\t\t\t\t\t\t\t\/>\n\t\t\t\t\t\t<input type=\"hidden\" name=\"trp-form-language\" value=\"es\"\/><\/form>\n\t\t\t\t\t<\/div>\n\t\t\t\t\t\t\t<\/div>\n\t\t<\/div>\n\t<\/div>\n<\/div>\n<script class=\"learndash-breakpoints\">\n\t( function () {\n\t\tlet completed = false;\n\n\t\t\/**\n\t\t * Initializes the LearnDash Breakpoints.\n\t\t *\n\t\t * @since 4.16.0\n\t\t *\/\n\t\tfunction initBreakpoints() {\n\t\t\tif ( completed ) {\n\t\t\t\t\/\/ This was fired already and completed no need to attach to the event listener.\n\t\t\t\tdocument.removeEventListener( 'DOMContentLoaded', initBreakpoints );\n\t\t\t\treturn;\n\t\t\t}\n\n\t\t\tif (\n\t\t\t\t'undefined' === typeof window.learndash ||\n\t\t\t\t'undefined' === typeof window.learndash.views ||\n\t\t\t\t'undefined' === typeof window.learndash.views.breakpoints ||\n\t\t\t\t'function' !== typeof (window.learndash.views.breakpoints.setup)\n\t\t\t) {\n\t\t\t\treturn;\n\t\t\t}\n\n\t\t\tconst container = document.querySelector(\n\t\t\t\t'[data-learndash-breakpoint-pointer=\"120cf425-c051-4e21-afa1-a688fb7c7231\"]'\n\t\t\t);\n\n\t\t\tif ( ! container ) {\n\t\t\t\treturn;\n\t\t\t}\n\n\t\t\twindow.learndash.views.breakpoints.setup( container );\n\t\t\tcompleted = true;\n\t\t\t\/\/ This was fired already and completed no need to attach to the event listener.\n\t\t\tdocument.removeEventListener( 'DOMContentLoaded', initBreakpoints );\n\t\t}\n\n\t\t\/\/ Try to init the breakpoints right away.\n\t\tinitBreakpoints();\n\t\tdocument.addEventListener( 'DOMContentLoaded', initBreakpoints );\n\t})();\n<\/script>\n<\/div>\n\n\n<p><\/p>","protected":false},"excerpt":{"rendered":"<p>Welcome to Access! Business English&#8230;your pathway to Business English improvement! At Access! Business English we have extensive professional experience in aviation, travel and tourism. Our courses cover airlines, land and sea travel, travel agencies, tour operators, hospitality and official tourism organisations. We have much international experience of teaching Business English in these sectors and our&#8230;<\/p>","protected":false},"author":269,"featured_media":51898,"parent":0,"menu_order":0,"comment_status":"closed","ping_status":"closed","template":"","meta":{"_kad_post_transparent":"","_kad_post_title":"","_kad_post_layout":"","_kad_post_sidebar_id":"","_kad_post_content_style":"","_kad_post_vertical_padding":"","_kad_post_feature":"","_kad_post_feature_position":"","_kad_post_header":false,"_kad_post_footer":false,"_kad_post_classname":"","footnotes":""},"class_list":["post-17","page","type-page","status-publish","has-post-thumbnail","hentry"],"_links":{"self":[{"href":"https:\/\/accessbusinessenglish.com\/es\/wp-json\/wp\/v2\/pages\/17","targetHints":{"allow":["GET"]}}],"collection":[{"href":"https:\/\/accessbusinessenglish.com\/es\/wp-json\/wp\/v2\/pages"}],"about":[{"href":"https:\/\/accessbusinessenglish.com\/es\/wp-json\/wp\/v2\/types\/page"}],"author":[{"embeddable":true,"href":"https:\/\/accessbusinessenglish.com\/es\/wp-json\/wp\/v2\/users\/269"}],"replies":[{"embeddable":true,"href":"https:\/\/accessbusinessenglish.com\/es\/wp-json\/wp\/v2\/comments?post=17"}],"version-history":[{"count":840,"href":"https:\/\/accessbusinessenglish.com\/es\/wp-json\/wp\/v2\/pages\/17\/revisions"}],"predecessor-version":[{"id":58513,"href":"https:\/\/accessbusinessenglish.com\/es\/wp-json\/wp\/v2\/pages\/17\/revisions\/58513"}],"wp:featuredmedia":[{"embeddable":true,"href":"https:\/\/accessbusinessenglish.com\/es\/wp-json\/wp\/v2\/media\/51898"}],"wp:attachment":[{"href":"https:\/\/accessbusinessenglish.com\/es\/wp-json\/wp\/v2\/media?parent=17"}],"curies":[{"name":"wp","href":"https:\/\/api.w.org\/{rel}","templated":true}]}}