{"id":33318,"date":"2020-02-15T05:02:31","date_gmt":"2020-02-15T05:02:31","guid":{"rendered":"https:\/\/accessbusinessenglish.com\/?page_id=33318"},"modified":"2026-02-08T17:19:16","modified_gmt":"2026-02-08T17:19:16","slug":"copyright-notice-for-access-aviation-business-english","status":"publish","type":"page","link":"https:\/\/accessbusinessenglish.com\/es\/copyright-notice-for-access-aviation-business-english\/","title":{"rendered":"Derechos de autor"},"content":{"rendered":"<div style=\"height:10px\" aria-hidden=\"true\" class=\"wp-block-spacer\"><\/div>\n\n\n\n<p class=\"has-ast-global-color-0-color has-text-color has-normal-font-size\" style=\"line-height:1.4\">Este sitio web y su contenido son propiedad intelectual de Access! Aviation Business English: \u00a9Access! Aviation Business English (2026). Todos los derechos reservados. Cualquier redistribuci\u00f3n o reproducci\u00f3n de parte o de todo el contenido en cualquier forma est\u00e1 prohibida, salvo lo siguiente:abc<\/p>\n\n\n\n<p class=\"has-ast-global-color-0-color has-text-color has-link-color wp-elements-d387697d35b7b728d78d6c8d79ce4475\">(a) Usted puede imprimir o descargar en un disco duro local extractos solamente para su uso personal y no comercia. <\/p>\n\n\n\n<p class=\"has-ast-global-color-0-color has-text-color has-link-color wp-elements-69e31f66a628d36e7e9ebabe7a8ff8e0 translation-block\">(b) Usted <strong>no<\/strong> podr\u00e1 distribuir ni explotar comercialmente el contenido de este sitio web, salvo con nuestro permiso expreso por escrito.<\/p>\n\n\n\n<p class=\"has-ast-global-color-0-color has-text-color has-link-color wp-elements-b1992bd4571fa6357a3bf0d6bd4e62ef\">(c) <strong>Tampoco<\/strong> puede transmitirlo ni almacenarlo en ning\u00fan otro sitio web u otra forma de sistema electr\u00f3nico de recuperaci\u00f3n.<\/p>\n\n\n\n<p><\/p>","protected":false},"excerpt":{"rendered":"<p>This website and its contents are the copyright of Access! Business English: \u00a9Access! Business English (2026) All rights reserved. Any redistribution or reproduction of part or all of the contents in any form is prohibited other than the following; (a) You may print or download to a local hard disk extracts for your personal and&#8230;<\/p>","protected":false},"author":269,"featured_media":0,"parent":0,"menu_order":0,"comment_status":"closed","ping_status":"closed","template":"","meta":{"_kad_post_transparent":"","_kad_post_title":"","_kad_post_layout":"","_kad_post_sidebar_id":"","_kad_post_content_style":"","_kad_post_vertical_padding":"","_kad_post_feature":"","_kad_post_feature_position":"","_kad_post_header":false,"_kad_post_footer":false,"_kad_post_classname":"","footnotes":""},"class_list":["post-33318","page","type-page","status-publish","hentry"],"_links":{"self":[{"href":"https:\/\/accessbusinessenglish.com\/es\/wp-json\/wp\/v2\/pages\/33318","targetHints":{"allow":["GET"]}}],"collection":[{"href":"https:\/\/accessbusinessenglish.com\/es\/wp-json\/wp\/v2\/pages"}],"about":[{"href":"https:\/\/accessbusinessenglish.com\/es\/wp-json\/wp\/v2\/types\/page"}],"author":[{"embeddable":true,"href":"https:\/\/accessbusinessenglish.com\/es\/wp-json\/wp\/v2\/users\/269"}],"replies":[{"embeddable":true,"href":"https:\/\/accessbusinessenglish.com\/es\/wp-json\/wp\/v2\/comments?post=33318"}],"version-history":[{"count":10,"href":"https:\/\/accessbusinessenglish.com\/es\/wp-json\/wp\/v2\/pages\/33318\/revisions"}],"predecessor-version":[{"id":57915,"href":"https:\/\/accessbusinessenglish.com\/es\/wp-json\/wp\/v2\/pages\/33318\/revisions\/57915"}],"wp:attachment":[{"href":"https:\/\/accessbusinessenglish.com\/es\/wp-json\/wp\/v2\/media?parent=33318"}],"curies":[{"name":"wp","href":"https:\/\/api.w.org\/{rel}","templated":true}]}}