{"id":33412,"date":"2020-02-16T19:39:28","date_gmt":"2020-02-16T19:39:28","guid":{"rendered":"https:\/\/accessbusinessenglish.com\/?page_id=33412"},"modified":"2026-02-08T16:33:09","modified_gmt":"2026-02-08T16:33:09","slug":"terms-and-conditions","status":"publish","type":"page","link":"https:\/\/accessbusinessenglish.com\/es\/terms-and-conditions\/","title":{"rendered":"T\u00e9rminos y Condiciones"},"content":{"rendered":"<p class=\"has-medium-font-size\"><strong>T\u00e9rminos y Condiciones<\/strong><\/p>\n\n\n\n<p class=\"has-ast-global-color-0-color has-text-color has-normal-font-size\"><strong>1 de enero de 2026<\/strong><\/p>\n\n\n\n<p class=\"has-ast-global-color-0-color has-text-color\" style=\"font-size:16px;line-height:1.4\">Es importante que lea atentamente estos T\u00e9rminos y Condiciones de 'Access! Business English', el nombre comercial de Kieron Heath, un comerciante individual ubicado en Bedford, Reino Unido. En adelante, 'Access! Business English' se llamar\u00e1 'la empresa' y si no est\u00e1 dispuesto a aceptar nuestros T\u00e9rminos y Condiciones, le rogamos que se abstenga inmediatamente de utilizar nuestro sitio web y los materiales asociados.<\/p>\n\n\n\n<p style=\"line-height:1\"><\/p>\n\n\n\n<p class=\"has-ast-global-color-0-color has-text-color has-normal-font-size\" style=\"line-height:1.4\">Adem\u00e1s, le pedimos que lea nuestra \"Pol\u00edtica de Privacidad\", que se aplica a la recogida y uso de sus datos personales en relaci\u00f3n con nuestro sitio web. Las personas que se registran con nosotros tambi\u00e9n est\u00e1n obligadas por los T\u00e9rminos y Condiciones acordados durante la creaci\u00f3n de la cuenta. <\/p>\n\n\n\n<p class=\"has-ast-global-color-0-color has-text-color has-normal-font-size\" style=\"line-height:1.4\">Podemos cambiar estos T\u00e9rminos y Condiciones de vez en cuando actualizando esta p\u00e1gina. Le recomendamos que consulte esta p\u00e1gina con regularidad. Su uso continuado de nuestro sitio web despu\u00e9s de que se hayan realizado cambios se considerar\u00e1 que indica que ha le\u00eddo y aceptado dichos cambios.<strong> not<\/strong> estas T\u00e9rminos y Condiciones.<\/p>\n\n\n\n<p class=\"has-ast-global-color-0-color has-text-color\" style=\"font-size:16px;line-height:1.4\">El uso de nuestro sitio web lo proporciona la empresa en los siguientes t\u00e9rminos y, al utilizar nuestro sitio web, est\u00e1 reconociendo que ha le\u00eddo y aceptado estos T\u00e9rminos y condiciones y nuestra Pol\u00edtica de privacidad.<\/p>\n\n\n\n<p style=\"line-height:1\"><\/p>\n\n\n\n<p class=\"has-ast-global-color-0-color has-text-color has-normal-font-size\"><strong>LISTA DE CONTENIDOS<\/strong><\/p>\n\n\n\n<p class=\"has-ast-global-color-0-color has-text-color has-normal-font-size\"><strong>1. T\u00e9rminos y condiciones - En general<\/strong><\/p>\n\n\n\n<p class=\"has-ast-global-color-0-color has-text-color has-normal-font-size\"><strong>2. Propiedad intelectual<\/strong><\/p>\n\n\n\n<p class=\"has-ast-global-color-0-color has-text-color has-normal-font-size\"><strong>3. Su contenido e informaci\u00f3n<\/strong><\/p>\n\n\n\n<p class=\"has-ast-global-color-0-color has-text-color has-normal-font-size\"><strong>4. Exactitud del Contenido e Informaci\u00f3n en nuestro Sitio Web<\/strong><\/p>\n\n\n\n<p class=\"has-ast-global-color-0-color has-text-color has-normal-font-size\"><strong>5. Responsabilidad<\/strong><\/p>\n\n\n\n<p style=\"line-height:1\"><\/p>\n\n\n\n<p class=\"has-ast-global-color-0-color has-text-color has-normal-font-size\"><strong>1. T\u00c9RMINOS Y CONDICIONES - EN GENERAL<\/strong><\/p>\n\n\n\n<p class=\"has-ast-global-color-0-color has-text-color has-normal-font-size\" style=\"line-height:1.4\"><strong>1.a.<\/strong> Usted acepta utilizar nuestro sitio web s\u00f3lo de acuerdo con estos T\u00e9rminos y Condiciones, los T\u00e9rminos y Condiciones acordados durante la creaci\u00f3n de su cuenta con la empresa, para fines legales, y de una manera que no infrinja los derechos de, restringir o inhibir el uso de cualquier otra persona de nuestro sitio web.<\/p>\n\n\n\n<p class=\"has-ast-global-color-0-color has-text-color has-normal-font-size\" style=\"line-height:1.4\"><strong>1.b.<\/strong> El comportamiento prohibido incluye, pero no se limita a, acosar o causar angustia o incomodidad a cualquier persona, transmitir contenido obsceno u ofensivo o interrumpir el flujo normal de di\u00e1logo dentro de nuestro sitio web o suplantar a otra persona, por ejemplo, utilizando sus datos de inicio de sesi\u00f3n para acceder a las p\u00e1ginas de nuestro sitio web.<\/p>\n\n\n\n<p class=\"has-ast-global-color-0-color has-text-color has-normal-font-size\"><strong>2. PROPIEDAD INTELECTUAL<\/strong><\/p>\n\n\n\n<p class=\"has-ast-global-color-0-color has-text-color has-normal-font-size\" style=\"line-height:1.4\"><strong>2.a.<\/strong> Todos los derechos de autor, marcas comerciales, derechos de dise\u00f1o, patentes y otros derechos de propiedad intelectual (registrados y no registrados) y todo el contenido que se encuentre en nuestro sitio web seguir\u00e1n siendo propiedad de la empresa. A menos que se acuerde previamente con la empresa, no podr\u00e1 copiar, reproducir, volver a publicar, desmontar, descompilar, ingenier\u00eda inversa, descargar, publicar, difundir, transmitir, poner a disposici\u00f3n del p\u00fablico, o utilizar de cualquier otra manera el contenido de la compa\u00f1\u00eda, excepto para su propio uso personal, no comercial.<\/p>\n\n\n\n<p class=\"has-ast-global-color-0-color has-text-color has-normal-font-size\"><strong>3. SU CONTENIDO E INFORMACI\u00d3N<\/strong><\/p>\n\n\n\n<p class=\"has-ast-global-color-0-color has-text-color has-normal-font-size\" style=\"line-height:1.4\"><strong>3.a. <\/strong>Ciertas p\u00e1ginas de nuestro sitio web le permiten publicar, enviar o cargar contenido e informaci\u00f3n. Si usted hace esto, tomaremos esto para significar que usted ha le\u00eddo y aceptado nuestros T\u00e9rminos y Condiciones. <\/p>\n\n\n\n<p class=\"has-ast-global-color-0-color has-text-color has-normal-font-size\"><strong>3.b.<\/strong> No debe publicar, enviar o cargar ning\u00fan contenido o informaci\u00f3n de este tipo:<\/p>\n\n\n\n<p class=\"has-ast-global-color-0-color has-text-color has-normal-font-size\" style=\"line-height:1.4\">que sea o pueda considerarse difamatorio, despectivo o inapropiado con respecto a la empresa, sus clientes o cualquier otra persona u organizaci\u00f3n<\/p>\n\n\n\n<p class=\"has-ast-global-color-0-color has-text-color has-normal-font-size\" style=\"line-height:1.4\">que contenga informaci\u00f3n confidencial sobre otra persona u organizaci\u00f3n, a menos que tenga nuestro permiso o el de la otra persona u organizaci\u00f3n<\/p>\n\n\n\n<p class=\"has-ast-global-color-0-color has-text-color has-normal-font-size\" style=\"line-height:1.4\">que contiene cualquier contenido ofensivo, obsceno o criminal o cualquier otro contenido que pueda causar verg\u00fcenza a la compa\u00f1\u00eda, sus clientes o clientes o cualquier otra persona u organizaci\u00f3n<\/p>\n\n\n\n<p class=\"has-ast-global-color-0-color has-text-color has-normal-font-size\" style=\"line-height:1.4\">que contiene cualquier dato personal sobre otra persona, incluida informaci\u00f3n como nombres, datos de contacto y datos personales sensibles, por ejemplo, informaci\u00f3n sobre la salud mental o f\u00edsica de una persona identificada o identificable, origen racial o \u00e9tnico, creencias religiosas u otras creencias. El sitio web del Comisionado de Informaci\u00f3n del Reino Unido proporciona m\u00e1s orientaci\u00f3n sobre lo que son los datos personales y los datos personales confidenciales <a href=\"\/es\/\u2013 https:\/\/ico.org.uk\/\"><strong>\u2013 https:\/\/ico.org.uk\/<\/strong><\/a><\/p>\n\n\n\n<p class=\"has-ast-global-color-0-color has-text-color has-normal-font-size\" style=\"line-height:1.4\">a menos que posea o disponga de los derechos adecuados para utilizar los derechos de propiedad intelectual que subsisten o est\u00e9n relacionados con dicho contenido e informaci\u00f3n y a menos que est\u00e9 seguro de que publicar, enviar o cargar los mismos no infringe los derechos, incluidos, entre otros, los derechos de propiedad intelectual, de cualquier otra persona u organizaci\u00f3n<\/p>\n\n\n\n<p class=\"has-ast-global-color-0-color has-text-color has-normal-font-size\" style=\"line-height:1.4\"><strong>3.c.<\/strong> No nos hacemos responsables de ning\u00fan contenido y\/o informaci\u00f3n que publique, env\u00ede o cargue en nuestro sitio web. Nos reservamos el derecho de retirar cualquier contenido y\/o informaci\u00f3n sin previo aviso y a nuestra entera discreci\u00f3n y de emprender cualquier acci\u00f3n contra usted que est\u00e9 a nuestra disposici\u00f3n bajo las leyes aplicables.<\/p>\n\n\n\n<p class=\"has-ast-global-color-0-color has-text-color has-normal-font-size\"><strong>4. EXACTITUD DEL CONTENIDO Y DE LA INFORMACI\u00d3N EN NUESTRO SITIO WEB<\/strong><\/p>\n\n\n\n<p class=\"has-ast-global-color-0-color has-text-color has-normal-font-size\" style=\"line-height:1.4\"><strong>4.a.<\/strong> La empresa no declara que la informaci\u00f3n contenida en nuestro sitio web o disponible a trav\u00e9s de \u00e9l sea precisa o completa y, en consecuencia, no debe ser fiable como tal. No debe confiar en dicha informaci\u00f3n. Cualquier arreglo hecho entre usted y cualquier otra persona, usando o nombrado en nuestro sitio web est\u00e1 enteramente en su riesgo y responsabilidad \u00fanicos.<\/p>\n\n\n\n<p class=\"has-ast-global-color-0-color has-text-color has-normal-font-size\" style=\"line-height:1.4\"><strong>4.b.<\/strong> La informaci\u00f3n contenida o accesible a trav\u00e9s de nuestro sitio web cambia de forma regular. Podemos hacer actualizaciones, mejoras o alteraciones a nuestro sitio web en cualquier momento y sin previo aviso.<\/p>\n\n\n\n<p class=\"has-ast-global-color-0-color has-text-color has-normal-font-size\" style=\"line-height:1.4\"><strong>4.c.<\/strong> Direcciones o enlaces a otros sitios web pueden aparecer en nuestro sitio web para su comodidad. La empresa no opera ni supervisa otros sitios web y no aceptamos ninguna responsabilidad por el contenido de otros sitios web. Cualquier enlace no tiene la intenci\u00f3n de ser, ni debe ser interpretado como, un endoso de ning\u00fan tipo por la empresa.<\/p>\n\n\n\n<p class=\"has-ast-global-color-0-color has-text-color has-normal-font-size\" style=\"line-height:1.4\"><strong>4.d.<\/strong> Si enlazamos a otros sitios web, es su responsabilidad verificar los t\u00e9rminos y condiciones y la pol\u00edtica de privacidad en cualquier otro sitio web que visite.<\/p>\n\n\n\n<p class=\"has-ast-global-color-0-color has-text-color has-normal-font-size\" style=\"line-height:1.4\"><strong>4.e.<\/strong> En caso de que alguna parte de los cursos de la empresa funcione incorrectamente, la empresa tomar\u00e1 medidas para remediar la situaci\u00f3n lo antes posible. Una vez que se ha comprado un curso o cursos, la pol\u00edtica de la empresa no es reembolsar el costo de dicho curso, pero la empresa est\u00e1 dispuesta a ofrecer un Mini Course \u00fanico de forma gratuita.<\/p>\n\n\n\n<p class=\"has-ast-global-color-0-color has-text-color has-normal-font-size\"><strong>5. RESPONSABILIDAD<\/strong><\/p>\n\n\n\n<p class=\"has-ast-global-color-0-color has-text-color has-normal-font-size\"><strong>5.a.<\/strong> No garantizamos que:<\/p>\n\n\n\n<p class=\"has-ast-global-color-0-color has-text-color has-normal-font-size\">el uso de nuestro sitio web ser\u00e1 compatible con todo el hardware y software<\/p>\n\n\n\n<p class=\"has-ast-global-color-0-color has-text-color has-normal-font-size\">el uso de nuestro sitio web ser\u00e1 ininterrumpido o sin errores o virus<\/p>\n\n\n\n<p class=\"has-ast-global-color-0-color has-text-color has-normal-font-size\">el uso de nuestro sitio web proporcionar\u00e1 cualquier resultado espec\u00edfico para sus usuarios <\/p>\n\n\n\n<p class=\"has-ast-global-color-0-color has-text-color has-normal-font-size\">se corregir\u00e1n los defectos de nuestro sitio web, excepto por los defectos que la empresa est\u00e1 obligada a corregir por ley<\/p>\n\n\n\n<p class=\"has-ast-global-color-0-color has-text-color has-normal-font-size\" style=\"line-height:1.4\"><strong>5.b.<\/strong> Debe tomar las medidas adecuadas para asegurarse de que comprueba y protege regularmente contra los virus cuando utiliza nuestro sitio web en cualquier dispositivo.<\/p>\n\n\n\n<p class=\"has-ast-global-color-0-color has-text-color has-normal-font-size\" style=\"line-height:1.4\"><strong>5.c.<\/strong> No hacemos ninguna declaraci\u00f3n sobre la idoneidad del contenido, la informaci\u00f3n y los servicios contenidos en, o a los que se accede a trav\u00e9s de, nuestro sitio web. Todas las garant\u00edas, t\u00e9rminos y condiciones a este respecto, incluidas todas las garant\u00edas, t\u00e9rminos y condiciones impl\u00edcitas en la ley o de cualquier otra forma, de calidad satisfactoria y de idoneidad para el prop\u00f3sito quedan excluidos en la mayor medida permitida por la ley; consulte directamente a continuaci\u00f3n para obtener m\u00e1s detalles. Para evitar dudas, esto incluye materiales a los que se accede a trav\u00e9s de enlaces a sitios web \u2013 incluyendo p\u00e1ginas de inicio, p\u00e1ginas web o documentos que contienen \u2013 operados por cualquier otra persona u organizaci\u00f3n.<\/p>\n\n\n\n<p class=\"has-ast-global-color-0-color has-text-color has-normal-font-size\" style=\"line-height:1.4\"><strong>5.d.<\/strong> Adem\u00e1s, excluimos en la medida en que lo permita la ley; consulte directamente a continuaci\u00f3n para obtener m\u00e1s informaci\u00f3n: Toda responsabilidad por da\u00f1os y p\u00e9rdidas directas, indirectas o consecuentes; los tres t\u00e9rminos incluyen p\u00e9rdidas econ\u00f3micas puras, p\u00e9rdida de beneficios, p\u00e9rdida de negocio, interrupci\u00f3n de la actividad empresarial, agotamiento de la buena voluntad y p\u00e9rdidas similares \u2013 o de cualquier otra manera incurrida por usted o cualquier otra persona u organizaci\u00f3n y que surja de o de cualquier manera conectada con el uso de nuestro sitio web o su contenido, ya sea basado en contrato, agravio, responsabilidad estricta o de otra manera.<\/p>\n\n\n\n<p class=\"has-ast-global-color-0-color has-text-color has-normal-font-size\"><strong>5.e.<\/strong> No excluimos ni limitamos nuestra responsabilidad, si la hay, para usted:<\/p>\n\n\n\n<p class=\"has-ast-global-color-0-color has-text-color has-normal-font-size\" style=\"line-height:1.4\">por cualquier incumplimiento de las obligaciones derivadas de la secci\u00f3n 12 de la Ley de venta de mercanc\u00edas de 1979 o la secci\u00f3n 2 de la Ley de suministro de bienes y servicios de 1982, en caso de que fuera ilegal excluir o intentar excluir la responsabilidad por fraude.<\/p>\n\n\n\n<p class=\"has-ast-global-color-0-color has-text-color has-normal-font-size\" style=\"line-height:1.4\"><strong>5.f.<\/strong> Usted defender\u00e1, indemnizar\u00e1 y nos eximir\u00e1 a nosotros, a nuestros afiliados y a nuestros funcionarios, directores, empleados y agentes de y contra cualquier reclamaci\u00f3n, responsabilidad, da\u00f1os, p\u00e9rdidas o gastos, incluidos los costes legales razonables, que se derive de o en cualquier forma relacionada con cualquier incumplimiento por parte del usuario de estos T\u00e9rminos y condiciones.<\/p>\n\n\n\n<p class=\"has-ast-global-color-0-color has-text-color has-normal-font-size\" style=\"line-height:1.4\"><strong>5.g. <\/strong>El internet no es un medio seguro de comunicaci\u00f3n. Los correos electr\u00f3nicos pueden ser interceptados por otras personas u organizaciones. No debe enviarnos ninguna comunicaci\u00f3n a trav\u00e9s de nuestro sitio web o por correo electr\u00f3nico, en particular, que contenga datos personales (incluidos datos personales confidenciales) o informaci\u00f3n confidencial sobre usted o cualquier otra persona, a menos que usted acepte que cualquier comunicaci\u00f3n de este tipo ser\u00eda enviada a su propio riesgo y en el entendimiento de que no seremos responsables de cualquier p\u00e9rdida que usted puede sufrir como resultado, excepto por p\u00e9rdidas que no pueden ser excluidas o limitadas por la ley, como se menciona directamente arriba.<\/p>\n\n\n\n<p class=\"has-ast-global-color-0-color has-text-color has-normal-font-size\" style=\"line-height:1.4\"><strong>5.h.<\/strong> En cuanto a los v\u00eddeos de los m\u00f3dulos del curso, la empresa a menudo incluye hiperv\u00ednculos a varios v\u00eddeos relevantes a los que se puede acceder en YouTube o en los sitios web de otros productores de v\u00eddeo de terceros. Con el fin de respetar y proteger los derechos de autor de los productores, proveedores y editores de v\u00eddeo, la empresa no est\u00e1 legalmente autorizada a incrustar dichos v\u00eddeos en su sitio web.\n\nLos clientes de la empresa, y los espectadores que navegan por el sitio web de la empresa, tambi\u00e9n deben respetar y cumplir con las obligaciones de derechos de autor de YouTube, los productores y propietarios de todos los v\u00eddeos publicados en ellos, adem\u00e1s de todos los dem\u00e1s v\u00eddeos accesibles a trav\u00e9s de Access! Sitio web de Aviation Business English de otras fuentes y proveedores en internet. Si bien la empresa est\u00e1 legalmente autorizada a incluir hiperv\u00ednculos URL de terceros en su sitio web, la empresa no puede garantizar plenamente que estos v\u00eddeos hipervinculados est\u00e9n siempre disponibles en l\u00ednea, En ese caso, la empresa solicita que se le informe a lo antes posible para que pueda ofrecer un reemplazo alternativo adem\u00e1s de un mini curso gratuito.<\/p>\n\n\n\n<p class=\"has-ast-global-color-0-color has-text-color has-normal-font-size\" style=\"line-height:1.4\"><strong>5.i.<\/strong> Con respecto a otros medios, incluyendo grabaciones de audio, art\u00edculos y textos en el sitio web de la compa\u00f1\u00eda, o contenidos en cualquier otro material producido por la compa\u00f1\u00eda, los clientes y cualquier espectador de tales materiales deben cumplir legalmente con los requisitos de copyright de cada art\u00edculo. En caso de duda, p\u00f3ngase en contacto con: <strong>[<a href=\"mailto:kieron.heath@accessbusinessenglish.com\" class=\"ek-link\">kieron.heath@accessbusinessenglish.com<\/a>]<\/strong><\/p>\n\n\n\n<p class=\"has-ast-global-color-0-color has-text-color has-normal-font-size\"><strong>(Fin de los T\u00e9rminos y Condiciones)<\/strong><\/p>\n\n\n\n<p><\/p>","protected":false},"excerpt":{"rendered":"<p>Terms and Conditions 1 January 2026 It is important that you carefully read these Terms and Conditions for &#8216;Access! Business English&#8217;, the trading name of Kieron Heath, a sole trader located in Bedford, United Kingdom. Hereinafter, &#8216;Access! Business English&#8217; is referred to as &#8216;the company&#8217; and if you are not willing to accept our Terms&#8230;<\/p>","protected":false},"author":269,"featured_media":0,"parent":0,"menu_order":0,"comment_status":"closed","ping_status":"closed","template":"","meta":{"_kad_post_transparent":"","_kad_post_title":"","_kad_post_layout":"","_kad_post_sidebar_id":"","_kad_post_content_style":"","_kad_post_vertical_padding":"","_kad_post_feature":"","_kad_post_feature_position":"","_kad_post_header":false,"_kad_post_footer":false,"_kad_post_classname":"","footnotes":""},"class_list":["post-33412","page","type-page","status-publish","hentry"],"_links":{"self":[{"href":"https:\/\/accessbusinessenglish.com\/es\/wp-json\/wp\/v2\/pages\/33412","targetHints":{"allow":["GET"]}}],"collection":[{"href":"https:\/\/accessbusinessenglish.com\/es\/wp-json\/wp\/v2\/pages"}],"about":[{"href":"https:\/\/accessbusinessenglish.com\/es\/wp-json\/wp\/v2\/types\/page"}],"author":[{"embeddable":true,"href":"https:\/\/accessbusinessenglish.com\/es\/wp-json\/wp\/v2\/users\/269"}],"replies":[{"embeddable":true,"href":"https:\/\/accessbusinessenglish.com\/es\/wp-json\/wp\/v2\/comments?post=33412"}],"version-history":[{"count":37,"href":"https:\/\/accessbusinessenglish.com\/es\/wp-json\/wp\/v2\/pages\/33412\/revisions"}],"predecessor-version":[{"id":57905,"href":"https:\/\/accessbusinessenglish.com\/es\/wp-json\/wp\/v2\/pages\/33412\/revisions\/57905"}],"wp:attachment":[{"href":"https:\/\/accessbusinessenglish.com\/es\/wp-json\/wp\/v2\/media?parent=33412"}],"curies":[{"name":"wp","href":"https:\/\/api.w.org\/{rel}","templated":true}]}}