{"id":44773,"date":"2020-12-17T15:09:28","date_gmt":"2020-12-17T15:09:28","guid":{"rendered":"https:\/\/accessbusinessenglish.com\/checkout\/transaction-failed\/"},"modified":"2024-07-08T16:25:21","modified_gmt":"2024-07-08T15:25:21","slug":"transaction-failed","status":"publish","type":"page","link":"https:\/\/accessbusinessenglish.com\/es\/checkout\/transaction-failed\/","title":{"rendered":"Transacci\u00f3n fallida"},"content":{"rendered":"<p>Su transacci\u00f3n fall\u00f3, intente nuevamente o comun\u00edquese con el soporte del sitio.<\/p>\n\n\n<p><\/p>","protected":false},"excerpt":{"rendered":"<p>Su transacci\u00f3n fall\u00f3, intente nuevamente o comun\u00edquese con el soporte del sitio.<\/p>","protected":false},"author":269,"featured_media":0,"parent":44771,"menu_order":2,"comment_status":"closed","ping_status":"closed","template":"","meta":{"_kad_post_transparent":"","_kad_post_title":"","_kad_post_layout":"","_kad_post_sidebar_id":"","_kad_post_content_style":"","_kad_post_vertical_padding":"","_kad_post_feature":"","_kad_post_feature_position":"","_kad_post_header":false,"_kad_post_footer":false,"_kad_post_classname":"","footnotes":""},"class_list":["post-44773","page","type-page","status-publish","hentry"],"_links":{"self":[{"href":"https:\/\/accessbusinessenglish.com\/es\/wp-json\/wp\/v2\/pages\/44773","targetHints":{"allow":["GET"]}}],"collection":[{"href":"https:\/\/accessbusinessenglish.com\/es\/wp-json\/wp\/v2\/pages"}],"about":[{"href":"https:\/\/accessbusinessenglish.com\/es\/wp-json\/wp\/v2\/types\/page"}],"author":[{"embeddable":true,"href":"https:\/\/accessbusinessenglish.com\/es\/wp-json\/wp\/v2\/users\/269"}],"replies":[{"embeddable":true,"href":"https:\/\/accessbusinessenglish.com\/es\/wp-json\/wp\/v2\/comments?post=44773"}],"version-history":[{"count":2,"href":"https:\/\/accessbusinessenglish.com\/es\/wp-json\/wp\/v2\/pages\/44773\/revisions"}],"predecessor-version":[{"id":46689,"href":"https:\/\/accessbusinessenglish.com\/es\/wp-json\/wp\/v2\/pages\/44773\/revisions\/46689"}],"up":[{"embeddable":true,"href":"https:\/\/accessbusinessenglish.com\/es\/wp-json\/wp\/v2\/pages\/44771"}],"wp:attachment":[{"href":"https:\/\/accessbusinessenglish.com\/es\/wp-json\/wp\/v2\/media?parent=44773"}],"curies":[{"name":"wp","href":"https:\/\/api.w.org\/{rel}","templated":true}]}}