{"id":49260,"date":"2022-09-23T13:03:46","date_gmt":"2022-09-23T13:03:46","guid":{"rendered":"https:\/\/stg.accessabe.com\/?page_id=49260"},"modified":"2026-03-26T13:37:42","modified_gmt":"2026-03-26T13:37:42","slug":"english-conversation-courses","status":"publish","type":"page","link":"https:\/\/accessbusinessenglish.com\/es\/our-products\/english-conversation-courses\/","title":{"rendered":"Cursos de conversaci\u00f3n en ingl\u00e9s de negocios"},"content":{"rendered":"<p class=\"has-ast-global-color-0-color has-text-color has-link-color has-medium-font-size wp-elements-635f438d39647a1344902df4aed3cc60\"><\/p>\n\n\n\n<p class=\"has-ast-global-color-0-color has-text-color has-link-color wp-elements-f8bf4b8e446c5ed127d9e3794b324cdf\" style=\"font-size:18px\"><strong><em>Puntos claves...<\/em><\/strong><\/p>\n\n\n\n<p class=\"has-ast-global-color-0-color has-text-color has-link-color wp-elements-2c707a0fb961cea309c4a4cac3452a14\" style=\"font-size:19px;line-height:1.4\"><strong>*<\/strong> <strong><span style=\"text-decoration: underline;\">Cursos de conversaci\u00f3n en ingl\u00e9s de negocios: opciones de paquetes individuales (5 horas, 10 horas, 25 horas y 50 horas)<\/span><\/strong><\/p>\n\n\n\n<p class=\"has-text-align-justify has-ast-global-color-0-color has-text-color has-link-color wp-elements-7838fd5f46b2da687e00df3e79b0f25e\" style=\"font-size:17px;line-height:1.4\">Nuestros cursos personalizados de conversaci\u00f3n de ingl\u00e9s de negocios ofrecen paquetes de 5, 10,  25 y 50 horas y dan a los estudiantes la flexibilidad de elegir la duraci\u00f3n de cada lecci\u00f3n individual: el tiempo m\u00ednimo para una sola lecci\u00f3n es de 1 hora, el m\u00e1ximo es de 2 horas.<\/p>\n\n\n\n<p class=\"has-text-align-justify has-ast-global-color-0-color has-text-color has-link-color wp-elements-6c5985d4c26063920c8094df10afe848\" style=\"font-size:17px;line-height:1.4\">Todas nuestras lecciones de conversaci\u00f3n, incluida la lecci\u00f3n de conversaci\u00f3n de prueba, tienen lugar en l\u00ednea. Despu\u00e9s de cada lecci\u00f3n, enviamos a nuestros estudiantes una grabaci\u00f3n de audio de la lecci\u00f3n para que puedan repasarla y revisarla cuando lo deseen.<\/p>\n\n\n\n<p class=\"has-ast-global-color-0-color has-text-color has-link-color wp-elements-70be458c622c85fbb5a275cbfa55c07a\" style=\"font-size:17px;line-height:1.4\">Tenga en cuenta que en su curso de conversaci\u00f3n puede centrarse en un sector espec\u00edfico, por ejemplo Aviaci\u00f3n, Viajes o Turismo, o puede combinar ambos si lo prefiere.<\/p>\n\n\n\n<p class=\"has-ast-global-color-0-color has-text-color has-link-color wp-elements-172cfbf5e6bd447b6afeed8f3af19aa9\" style=\"font-size:19px;line-height:1.4\"><strong>*<\/strong> <strong><span style=\"text-decoration: underline;\">Lecci\u00f3n de conversaci\u00f3n de prueba gratuita (30 minutos)<\/span><\/strong><\/p>\n\n\n\n<p class=\"has-ast-global-color-0-color has-text-color has-link-color wp-elements-c1e73fe50e5a5f07dd0aabaffec7b028\" style=\"font-size:17px;line-height:1.4\">La clase de prueba de conversaci\u00f3n tiene una duraci\u00f3n de 30 minutos. Durante esta clase de prueba, conversamos con los alumnos sobre el nivel m\u00e1s adecuado para el curso de conversaci\u00f3n que desean: <strong>Plataforma (Basic A2), Intermedio (Intermediate\n B1-B2) o Maestr\u00eda (Advanced C1-C2)<\/strong>.<\/p>\n\n\n\n<p class=\"has-text-align-justify has-ast-global-color-0-color has-text-color has-link-color wp-elements-b23f376909707d73c0eea8e855b4a998\" style=\"font-size:17px;line-height:1.4\">Hemos creado varios formatos de muestra de lecciones de conversaci\u00f3n de prueba para que los estudiantes potenciales comprendan nuestro proceso de aprendizaje. Algunas lecciones de conversaci\u00f3n de muestra est\u00e1n relacionadas con la aviaci\u00f3n y otras con el sector de viajes y turismo. Vea a continuaci\u00f3n.<\/p>\n\n\n\n<p class=\"has-text-align-justify has-ast-global-color-0-color has-text-color has-link-color wp-elements-80671367f34c21bf8689851b945dff21\" style=\"font-size:17px;line-height:1.4\">Es importante recordar que, durante la clase de prueba de conversaci\u00f3n, conversamos sobre los temas que los alumnos desean incluir en su curso de conversaci\u00f3n de ingl\u00e9s de negocios. Esto nos ayuda a crear el curso adecuado para cada alumno y a proporcionar materiales relevantes antes de cada clase.<\/p>\n\n\n\n<p><\/p>\n\n\n\n<figure class=\"wp-block-image size-large\"><img decoding=\"async\" src=\"https:\/\/accessbusinessenglish.com\/wp-content\/uploads\/2023\/07\/Screenshot-2023-07-08-at-16.28.22-1024x671.png\" alt=\"\" class=\"wp-image-51709\"\/><\/figure>\n\n\n\n<p class=\"has-ast-global-color-0-color has-text-color has-link-color wp-elements-65718aeaaf9b0f50b8e7ec78ca3dce4b\" style=\"font-size:17px\"><strong>Lecci\u00f3n de conversaci\u00f3n de nivel intermedio sobre aviaci\u00f3n: Operaciones de vuelo<\/strong><\/p>\n\n\n\n<div class=\"wp-block-buttons is-content-justification-left is-layout-flex wp-container-core-buttons-is-layout-fdcfc74e wp-block-buttons-is-layout-flex\">\n<div class=\"wp-block-button has-custom-width wp-block-button__width-50 is-style-outline is-style-outline--1\"><a class=\"wp-block-button__link has-theme-palette-2-color has-theme-palette-1-background-color has-text-color has-background has-link-color has-custom-font-size wp-element-button\" href=\"https:\/\/accessbusinessenglish.com\/es\/aviation-intermediate-conversation-lesson-airlines-flight-operations\/\" style=\"border-width:2px;border-top-left-radius:15px;border-top-right-radius:15px;border-bottom-left-radius:15px;border-bottom-right-radius:15px;padding-top:20px;padding-right:20px;padding-bottom:20px;padding-left:20px;font-size:17px\"><strong>Aviaci\u00f3n - Operaciones de vuelo<\/strong><\/a><\/div>\n<\/div>\n\n\n\n<div style=\"height:49px\" aria-hidden=\"true\" class=\"wp-block-spacer\"><\/div>\n\n\n\n<figure class=\"wp-block-image size-large\"><img loading=\"lazy\" decoding=\"async\" width=\"1024\" height=\"768\" src=\"https:\/\/accessbusinessenglish.com\/wp-content\/uploads\/2020\/02\/aircraft-2831376_1280-1024x768.jpg\" alt=\"\" class=\"wp-image-33396\" srcset=\"https:\/\/accessbusinessenglish.com\/wp-content\/uploads\/2020\/02\/aircraft-2831376_1280-1024x768.jpg 1024w, https:\/\/accessbusinessenglish.com\/wp-content\/uploads\/2020\/02\/aircraft-2831376_1280-300x225.jpg 300w, https:\/\/accessbusinessenglish.com\/wp-content\/uploads\/2020\/02\/aircraft-2831376_1280-768x576.jpg 768w, https:\/\/accessbusinessenglish.com\/wp-content\/uploads\/2020\/02\/aircraft-2831376_1280-400x300.jpg 400w, https:\/\/accessbusinessenglish.com\/wp-content\/uploads\/2020\/02\/aircraft-2831376_1280.jpg 1280w\" sizes=\"auto, (max-width: 1024px) 100vw, 1024px\" \/><\/figure>\n\n\n\n<p class=\"has-ast-global-color-0-color has-text-color has-link-color wp-elements-bcfd71257fa3f7e35a53844477b96d63\" style=\"font-size:17px\"><strong>Lecci\u00f3n de conversaci\u00f3n de nivel intermedio sobre aviaci\u00f3n: Operaciones aeroportuarias<\/strong><\/p>\n\n\n\n<div class=\"wp-block-buttons has-custom-font-size is-layout-flex wp-block-buttons-is-layout-flex\" style=\"font-size:14px\">\n<div class=\"wp-block-button has-custom-width wp-block-button__width-50 is-style-outline is-style-outline--2\"><a class=\"wp-block-button__link has-theme-palette-2-color has-theme-palette-1-background-color has-text-color has-background has-link-color has-custom-font-size wp-element-button\" href=\"https:\/\/accessbusinessenglish.com\/es\/aviation-intermediate-conversation-lesson-airlines-ground-operations\/\" style=\"border-width:2px;border-top-left-radius:15px;border-top-right-radius:15px;border-bottom-left-radius:15px;border-bottom-right-radius:15px;padding-top:20px;padding-right:20px;padding-bottom:20px;padding-left:20px;font-size:17px\"><strong>Aviaci\u00f3n - Operaciones aeroportuarias<\/strong><\/a><\/div>\n<\/div>\n\n\n\n<div style=\"height:50px\" aria-hidden=\"true\" class=\"wp-block-spacer\"><\/div>\n\n\n\n<figure class=\"wp-block-image size-full\"><img loading=\"lazy\" decoding=\"async\" width=\"1024\" height=\"576\" src=\"https:\/\/accessbusinessenglish.com\/wp-content\/uploads\/2019\/11\/Delta-employee-group-representation_1.jpg\" alt=\"\" class=\"wp-image-32102\" srcset=\"https:\/\/accessbusinessenglish.com\/wp-content\/uploads\/2019\/11\/Delta-employee-group-representation_1.jpg 1024w, https:\/\/accessbusinessenglish.com\/wp-content\/uploads\/2019\/11\/Delta-employee-group-representation_1-300x169.jpg 300w, https:\/\/accessbusinessenglish.com\/wp-content\/uploads\/2019\/11\/Delta-employee-group-representation_1-768x432.jpg 768w, https:\/\/accessbusinessenglish.com\/wp-content\/uploads\/2019\/11\/Delta-employee-group-representation_1-400x225.jpg 400w, https:\/\/accessbusinessenglish.com\/wp-content\/uploads\/2019\/11\/Delta-employee-group-representation_1-600x338.jpg 600w\" sizes=\"auto, (max-width: 1024px) 100vw, 1024px\" \/><\/figure>\n\n\n\n<p class=\"has-ast-global-color-0-color has-text-color has-link-color wp-elements-26c5f57f22dce3e0160da48abf82ea46\" style=\"font-size:17px\"><strong>Lecci\u00f3n de conversaci\u00f3n de nivel intermedio sobre aviaci\u00f3n: Estructura organizada de una aerolinea<\/strong><\/p>\n\n\n\n<div class=\"wp-block-buttons is-layout-flex wp-block-buttons-is-layout-flex\">\n<div class=\"wp-block-button has-custom-width wp-block-button__width-50 is-style-outline is-style-outline--3\"><a class=\"wp-block-button__link has-theme-palette-2-color has-theme-palette-1-background-color has-text-color has-background has-link-color has-custom-font-size wp-element-button\" href=\"https:\/\/accessbusinessenglish.com\/es\/aviation-intermediate-conversation-lesson-airlines-the-structure-of-a-typical-airline\/\" style=\"border-width:2px;border-top-left-radius:15px;border-top-right-radius:15px;border-bottom-left-radius:15px;border-bottom-right-radius:15px;padding-top:20px;padding-right:20px;padding-bottom:20px;padding-left:20px;font-size:17px\"><strong>Aviaci\u00f3n - Estructura organizada de una aerolinea<\/strong><\/a><\/div>\n<\/div>\n\n\n\n<div style=\"height:50px\" aria-hidden=\"true\" class=\"wp-block-spacer\"><\/div>\n\n\n\n<figure class=\"wp-block-image size-full\"><img decoding=\"async\" src=\"https:\/\/accessbusinessenglish.com\/wp-content\/uploads\/2024\/09\/air-france-klm-group-scaled-e1582212198870.jpg\" alt=\"\" class=\"wp-image-53561\"\/><\/figure>\n\n\n\n<p class=\"has-ast-global-color-0-color has-text-color has-link-color wp-elements-31cdb6112d07563a14db7687032226ef\" style=\"font-size:17px\"><strong>Lecci\u00f3n de conversaci\u00f3n de nivel intermedio sobre aviaci\u00f3n: Alliances mondiales<\/strong><\/p>\n\n\n\n<div class=\"wp-block-buttons is-layout-flex wp-block-buttons-is-layout-flex\">\n<div class=\"wp-block-button has-custom-width wp-block-button__width-50 is-style-outline is-style-outline--4\"><a class=\"wp-block-button__link has-theme-palette-2-color has-theme-palette-1-background-color has-text-color has-background has-link-color has-custom-font-size wp-element-button\" href=\"https:\/\/accessbusinessenglish.com\/es\/aviation-intermediate-conversation-lesson-airlines-global-alliances\/\" style=\"border-width:2px;border-top-left-radius:15px;border-top-right-radius:15px;border-bottom-left-radius:15px;border-bottom-right-radius:15px;padding-top:20px;padding-right:20px;padding-bottom:20px;padding-left:20px;font-size:17px\"><strong>Aviaci\u00f3n - Alliances mondiales<\/strong><\/a><\/div>\n<\/div>\n\n\n\n<div style=\"height:50px\" aria-hidden=\"true\" class=\"wp-block-spacer\"><\/div>\n\n\n\n<figure class=\"wp-block-image size-large\"><img loading=\"lazy\" decoding=\"async\" width=\"1024\" height=\"749\" src=\"https:\/\/accessbusinessenglish.com\/wp-content\/uploads\/2024\/09\/Screenshot-2024-09-25-at-22.43.49-1024x749.png\" alt=\"\" class=\"wp-image-53592\" srcset=\"https:\/\/accessbusinessenglish.com\/wp-content\/uploads\/2024\/09\/Screenshot-2024-09-25-at-22.43.49-1024x749.png 1024w, https:\/\/accessbusinessenglish.com\/wp-content\/uploads\/2024\/09\/Screenshot-2024-09-25-at-22.43.49-300x219.png 300w, https:\/\/accessbusinessenglish.com\/wp-content\/uploads\/2024\/09\/Screenshot-2024-09-25-at-22.43.49-768x562.png 768w, https:\/\/accessbusinessenglish.com\/wp-content\/uploads\/2024\/09\/Screenshot-2024-09-25-at-22.43.49-16x12.png 16w, https:\/\/accessbusinessenglish.com\/wp-content\/uploads\/2024\/09\/Screenshot-2024-09-25-at-22.43.49.png 1170w\" sizes=\"auto, (max-width: 1024px) 100vw, 1024px\" \/><\/figure>\n\n\n\n<p class=\"has-ast-global-color-0-color has-text-color has-link-color wp-elements-440a77aa28abe964ec1d298b1d47ce02\" style=\"font-size:17px\"><strong>Lecci\u00f3n de conversaci\u00f3n de nivel intermedio sobre turismo: Collett's Mountain Holidays (Inglaterra)<\/strong><\/p>\n\n\n\n<div class=\"wp-block-buttons is-layout-flex wp-block-buttons-is-layout-flex\">\n<div class=\"wp-block-button has-custom-width wp-block-button__width-50 is-style-outline is-style-outline--5\"><a class=\"wp-block-button__link has-theme-palette-2-color has-theme-palette-1-background-color has-text-color has-background has-link-color has-custom-font-size wp-element-button\" href=\"https:\/\/accessbusinessenglish.com\/es\/tourism-intermediate-conversation-lesson-tour-operator-colletts-mountain-holidays-uk\/\" style=\"border-width:2px;border-radius:15px;padding-top:20px;padding-right:20px;padding-bottom:20px;padding-left:20px;font-size:17px\"><strong>Turismo - Collett's Mountain Holidays<\/strong> <strong>(Inglaterra)<\/strong><\/a><\/div>\n<\/div>\n\n\n\n<div style=\"height:51px\" aria-hidden=\"true\" class=\"wp-block-spacer\"><\/div>\n\n\n\n<figure class=\"wp-block-image size-full\"><img loading=\"lazy\" decoding=\"async\" width=\"862\" height=\"878\" src=\"https:\/\/accessbusinessenglish.com\/wp-content\/uploads\/2023\/07\/Screenshot-2023-07-06-at-20.47.42.png\" alt=\"\" class=\"wp-image-51579\" srcset=\"https:\/\/accessbusinessenglish.com\/wp-content\/uploads\/2023\/07\/Screenshot-2023-07-06-at-20.47.42.png 862w, https:\/\/accessbusinessenglish.com\/wp-content\/uploads\/2023\/07\/Screenshot-2023-07-06-at-20.47.42-295x300.png 295w, https:\/\/accessbusinessenglish.com\/wp-content\/uploads\/2023\/07\/Screenshot-2023-07-06-at-20.47.42-768x782.png 768w, https:\/\/accessbusinessenglish.com\/wp-content\/uploads\/2023\/07\/Screenshot-2023-07-06-at-20.47.42-12x12.png 12w\" sizes=\"auto, (max-width: 862px) 100vw, 862px\" \/><\/figure>\n\n\n\n<p class=\"has-ast-global-color-0-color has-text-color has-link-color wp-elements-637a70f189f53c3fc5847f66d045394e\" style=\"font-size:17px\"><strong>Lecci\u00f3n de conversaci\u00f3n de nivel intermedio sobre ferrocarriles: Ouigo (Espa\u00f1a)<\/strong><\/p>\n\n\n\n<div class=\"wp-block-buttons is-layout-flex wp-block-buttons-is-layout-flex\">\n<div class=\"wp-block-button has-custom-width wp-block-button__width-50 is-style-outline is-style-outline--6\"><a class=\"wp-block-button__link has-theme-palette-2-color has-theme-palette-1-background-color has-text-color has-background has-link-color has-text-align-center has-custom-font-size wp-element-button\" href=\"https:\/\/accessbusinessenglish.com\/es\/tourism-intermediate-conversation-lesson-rail-ouigo-espana\/\" style=\"border-width:2px;border-top-left-radius:15px;border-top-right-radius:15px;border-bottom-left-radius:15px;border-bottom-right-radius:15px;padding-top:20px;padding-right:20px;padding-bottom:20px;padding-left:20px;font-size:17px\"><strong>Ferrocarriles - Ouigo (Espa\u00f1a)<\/strong><\/a><\/div>\n<\/div>\n\n\n\n<div style=\"height:50px\" aria-hidden=\"true\" class=\"wp-block-spacer\"><\/div>\n\n\n\n<figure class=\"wp-block-image size-full\"><img loading=\"lazy\" decoding=\"async\" width=\"700\" height=\"414\" src=\"https:\/\/accessbusinessenglish.com\/wp-content\/uploads\/2024\/09\/hotel-excelsior.jpg\" alt=\"\" class=\"wp-image-53633\" srcset=\"https:\/\/accessbusinessenglish.com\/wp-content\/uploads\/2024\/09\/hotel-excelsior.jpg 700w, https:\/\/accessbusinessenglish.com\/wp-content\/uploads\/2024\/09\/hotel-excelsior-300x177.jpg 300w, https:\/\/accessbusinessenglish.com\/wp-content\/uploads\/2024\/09\/hotel-excelsior-18x12.jpg 18w\" sizes=\"auto, (max-width: 700px) 100vw, 700px\" \/><\/figure>\n\n\n\n<p class=\"has-ast-global-color-0-color has-text-color has-link-color wp-elements-1c5d2df0045fc48f25418b05e3952473\" style=\"font-size:17px\"><strong>Lecci\u00f3n de conversaci\u00f3n de nivel intermedio sobre hosteler\u00eda: Hotel Excelsior, Saint-Rapha\u00ebl (Francia)<\/strong><\/p>\n\n\n\n<div class=\"wp-block-buttons is-layout-flex wp-block-buttons-is-layout-flex\">\n<div class=\"wp-block-button has-custom-width wp-block-button__width-50 is-style-outline is-style-outline--7\"><a class=\"wp-block-button__link has-theme-palette-2-color has-theme-palette-1-background-color has-text-color has-background has-link-color has-text-align-center has-custom-font-size wp-element-button\" href=\"https:\/\/accessbusinessenglish.com\/es\/tourism-intermediate-conversation-lesson-hospitality-excelsior-hotel-france\/\" style=\"border-width:2px;border-top-left-radius:15px;border-top-right-radius:15px;border-bottom-left-radius:15px;border-bottom-right-radius:15px;padding-top:20px;padding-right:20px;padding-bottom:20px;padding-left:20px;font-size:17px\"><strong>Hosteler\u00eda - Excelsior Hotel, Saint Rapha\u00ebl (France)<\/strong><\/a><\/div>\n<\/div>\n\n\n\n<div style=\"height:51px\" aria-hidden=\"true\" class=\"wp-block-spacer\"><\/div>\n\n\n\n<figure class=\"wp-block-image size-full is-resized\"><img loading=\"lazy\" decoding=\"async\" width=\"2560\" height=\"1920\" src=\"https:\/\/accessbusinessenglish.com\/wp-content\/uploads\/2023\/08\/19-06-23-Santona-taken-from-Round-Tower-Portsmouth-scaled-1.jpg\" alt=\"\" class=\"wp-image-52651\" style=\"width:1188px;height:auto\" srcset=\"https:\/\/accessbusinessenglish.com\/wp-content\/uploads\/2023\/08\/19-06-23-Santona-taken-from-Round-Tower-Portsmouth-scaled-1.jpg 2560w, https:\/\/accessbusinessenglish.com\/wp-content\/uploads\/2023\/08\/19-06-23-Santona-taken-from-Round-Tower-Portsmouth-scaled-1-300x225.jpg 300w, https:\/\/accessbusinessenglish.com\/wp-content\/uploads\/2023\/08\/19-06-23-Santona-taken-from-Round-Tower-Portsmouth-scaled-1-1024x768.jpg 1024w, https:\/\/accessbusinessenglish.com\/wp-content\/uploads\/2023\/08\/19-06-23-Santona-taken-from-Round-Tower-Portsmouth-scaled-1-768x576.jpg 768w, https:\/\/accessbusinessenglish.com\/wp-content\/uploads\/2023\/08\/19-06-23-Santona-taken-from-Round-Tower-Portsmouth-scaled-1-1536x1152.jpg 1536w, https:\/\/accessbusinessenglish.com\/wp-content\/uploads\/2023\/08\/19-06-23-Santona-taken-from-Round-Tower-Portsmouth-scaled-1-2048x1536.jpg 2048w, https:\/\/accessbusinessenglish.com\/wp-content\/uploads\/2023\/08\/19-06-23-Santona-taken-from-Round-Tower-Portsmouth-scaled-1-16x12.jpg 16w\" sizes=\"auto, (max-width: 2560px) 100vw, 2560px\" \/><\/figure>\n\n\n\n<p class=\"has-ast-global-color-0-color has-text-color has-link-color wp-elements-606fd6426a053189252f071804b2c3fe\" style=\"font-size:17px\"><strong>Lecci\u00f3n de conversaci\u00f3n de nivel intermedio sobre viajes por mar: Brittany Ferries (Francia)<\/strong><\/p>\n\n\n\n<div class=\"wp-block-buttons is-layout-flex wp-block-buttons-is-layout-flex\">\n<div class=\"wp-block-button has-custom-width wp-block-button__width-50 is-style-outline is-style-outline--8\"><a class=\"wp-block-button__link has-theme-palette-2-color has-theme-palette-1-background-color has-text-color has-background has-link-color has-text-align-center has-custom-font-size wp-element-button\" href=\"https:\/\/accessbusinessenglish.com\/es\/tourism-intermediate-conversation-lesson-sea-travel-brittany-ferries\/\" style=\"border-width:2px;border-top-left-radius:15px;border-top-right-radius:15px;border-bottom-left-radius:15px;border-bottom-right-radius:15px;padding-top:20px;padding-right:20px;padding-bottom:20px;padding-left:20px;font-size:17px\"><strong>Viajes por mar - Brittany Ferries (France)<\/strong><\/a><\/div>\n<\/div>\n\n\n\n<div style=\"height:50px\" aria-hidden=\"true\" class=\"wp-block-spacer\"><\/div>\n\n\n\n<p class=\"has-ast-global-color-0-color has-text-color has-link-color wp-elements-3337c8d932b4fa0579d63e05a48236e7\" style=\"font-size:19px;line-height:1.4\"><strong>* <span style=\"text-decoration: underline;\">La organizaci\u00f3n de la lecci\u00f3n de conversaci\u00f3n de prueba (Trial Conversation Lesson)<\/span><\/strong><\/p>\n\n\n\n<p class=\"has-text-align-justify has-ast-global-color-0-color has-text-color has-link-color wp-elements-3659f07d4190525d5e4e55ac1e1f6358\" style=\"font-size:17px;line-height:1.4\">Una vez que haya le\u00eddo las lecciones de muestra, inf\u00f3rmenos por correo electr\u00f3nico de su decisi\u00f3n y nos pondremos en contacto con usted para organizar una cita<strong><em> <\/em><\/strong>para su lecci\u00f3n de conversaci\u00f3n de prueba. <strong>Trial Conversation Lesson<\/strong>. <strong><a class=\"ek-link\" href=\"\/es\/kieron.heath@accessbusinessenglish.com\/\">[<\/a><a class=\"ek-link\" href=\"mailto:kieron.heath@accessbusinessenglish.com\">kieron.heath@accessbusinessenglish.com<\/a>]<\/strong><\/p>\n\n\n\n<p><\/p>","protected":false},"excerpt":{"rendered":"<p>Key Points&#8230; * Business English Conversation Courses &#8211; Individual Package Options (5 hours, 10 hours, 25 hours and 50 hours) Our Business English Conversation Courses offer packages of 5, 10, 25 or 50 hours and give learners the flexibility to choose the length of time for each individual lesson: the minimum time for a single&#8230;<\/p>","protected":false},"author":269,"featured_media":0,"parent":49170,"menu_order":0,"comment_status":"closed","ping_status":"closed","template":"","meta":{"_kad_post_transparent":"","_kad_post_title":"","_kad_post_layout":"","_kad_post_sidebar_id":"","_kad_post_content_style":"","_kad_post_vertical_padding":"","_kad_post_feature":"","_kad_post_feature_position":"","_kad_post_header":false,"_kad_post_footer":false,"_kad_post_classname":"","footnotes":""},"class_list":["post-49260","page","type-page","status-publish","hentry"],"_links":{"self":[{"href":"https:\/\/accessbusinessenglish.com\/es\/wp-json\/wp\/v2\/pages\/49260","targetHints":{"allow":["GET"]}}],"collection":[{"href":"https:\/\/accessbusinessenglish.com\/es\/wp-json\/wp\/v2\/pages"}],"about":[{"href":"https:\/\/accessbusinessenglish.com\/es\/wp-json\/wp\/v2\/types\/page"}],"author":[{"embeddable":true,"href":"https:\/\/accessbusinessenglish.com\/es\/wp-json\/wp\/v2\/users\/269"}],"replies":[{"embeddable":true,"href":"https:\/\/accessbusinessenglish.com\/es\/wp-json\/wp\/v2\/comments?post=49260"}],"version-history":[{"count":319,"href":"https:\/\/accessbusinessenglish.com\/es\/wp-json\/wp\/v2\/pages\/49260\/revisions"}],"predecessor-version":[{"id":58468,"href":"https:\/\/accessbusinessenglish.com\/es\/wp-json\/wp\/v2\/pages\/49260\/revisions\/58468"}],"up":[{"embeddable":true,"href":"https:\/\/accessbusinessenglish.com\/es\/wp-json\/wp\/v2\/pages\/49170"}],"wp:attachment":[{"href":"https:\/\/accessbusinessenglish.com\/es\/wp-json\/wp\/v2\/media?parent=49260"}],"curies":[{"name":"wp","href":"https:\/\/api.w.org\/{rel}","templated":true}]}}