{"id":51636,"date":"2023-07-07T17:12:32","date_gmt":"2023-07-07T16:12:32","guid":{"rendered":"https:\/\/accessbusinessenglish.com\/accessabe-mkii-p\/?page_id=51636"},"modified":"2026-03-06T13:34:24","modified_gmt":"2026-03-06T13:34:24","slug":"tourism-intermediate-conversation-lesson-tour-operator-colletts-mountain-holidays-uk","status":"publish","type":"page","link":"https:\/\/accessbusinessenglish.com\/es\/tourism-intermediate-conversation-lesson-tour-operator-colletts-mountain-holidays-uk\/","title":{"rendered":"Lecci\u00f3n de conversaci\u00f3n de nivel intermedio sobre turismo: Collett's Mountain Holidays (Inglaterra)"},"content":{"rendered":"<p class=\"has-ast-global-color-0-color has-text-color has-link-color has-medium-font-size wp-elements-600cd9977c3b7b28ac3477e45334f2a4\"><strong>Lecci\u00f3n de conversaci\u00f3n de nivel intermedio sobre turismo: Collett's Mountain Holidays (Inglaterra)<\/strong><\/p>\n\n\n\n<p class=\"has-ast-global-color-0-color has-text-color has-link-color wp-elements-aa1cccf000911709f5662351601837ac translation-block\" style=\"line-height:1.4\"><b><i> Antes de su clase de prueba, escuche la grabaci\u00f3n de audio mientras lee el texto. Adem\u00e1s, estudie las 5 preguntas para comprender mejor los temas que se tratar\u00e1n durante la clase de prueba de conversaci\u00f3n en l\u00ednea. <\/b><\/i><\/p>\n\n\n\n<p><\/p>\n\n\n\n<p><\/p>\n\n\n\n<figure class=\"wp-block-audio\"><audio controls src=\"https:\/\/accessbusinessenglish.com\/wp-content\/uploads\/2023\/08\/FINAL-PROOF-INT-CONBE-TUR-COLLETTS-MK2-REVISED-KH-2.mp3\"><\/audio><\/figure>\n\n\n\n<p><\/p>\n\n\n\n<p class=\"has-ast-global-color-0-color has-text-color has-link-color wp-elements-cf9e4f8b88d30398b6cf91a8a8a42804\" style=\"line-height:1.4\">For over 25 years, eco-friendly walking and skiing holidays have been the unique tourism product of UK-based Collett&#8217;s Mountain Holidays, a highly regarded tour operator specialising in Italy, Switzerland, Austria, Spain, France and Corsica. All the company&#8217;s employees are genuine outdoor enthusiasts with first-hand experience of the company&#8217;s holidays as well as the regions in which they operate, from the office staff answering pre-holiday enquiries to the on-site teams sharing everything clients need to get them to the mountains and fully enjoy their holidays.<\/p>\n\n\n\n<p class=\"has-ast-global-color-0-color has-text-color has-link-color wp-elements-71d27de4c89ec62f0daf5f3ad6b95742\" style=\"line-height:1.4\">Whether it\u2019s centre-based, hut-to-hut or luxurious hotel-to-hotel adventures, the holidays are completely custom-built to capture the very best of each destination. Indeed, Collett&#8217;s tourism products are designed to maximise client experience in these magnificent mountain destinations, whatever the season.&nbsp;Furthermore, the company has worked hard over many years to capture the growing &#8216;niche&#8217; market of European tourists who prefer to enjoy healthy walking and skiing activities in the mountains rather than sunbathing all day on a Mediterranean beach! <\/p>\n\n\n\n<p class=\"has-ast-global-color-0-color has-text-color has-link-color wp-elements-7a2c921f4c1678352e90176541c428fb\" style=\"line-height:1.4\">Collett&#8217;s are quite unique with their flexible itinerary format which allows clients to organise their day just as they wish, rather than commit to a fixed, inflexible itinerary. All the operator&#8217;s walks are tried and tested &#8216;classics&#8217;, either easy and idyllic, moderate or hard and challenging. Clients can either focus exclusively on walks in one category or combine them if they wish. Indeed, product flexibility allows them to challenge themselves one day and take it easy the next. Clients also have regular access to Collett&#8217;s resident Walks Team, who knowledgeably help them to refine their plans as they wish but always making sure that they gain maximum benefit and enjoyment from their holiday.<\/p>\n\n\n\n<p class=\"has-ast-global-color-0-color has-text-color has-link-color wp-elements-1c1a16b6fc2e58d040340c65fa4b7e49\" style=\"line-height:1.4\"><strong>5 Key topics<\/strong> <strong>for discussion in the conversation lesson<\/strong><\/p>\n\n\n\n<p class=\"has-ast-global-color-0-color has-text-color has-link-color wp-elements-816fa87de69ead20afb4436f7f8875eb\" style=\"line-height:1.4\">1. Summarise the text briefly in your own words, including your initial thoughts about Collett&#8217;s.<\/p>\n\n\n\n<p class=\"has-ast-global-color-0-color has-text-color has-link-color wp-elements-5e9205f0de73216e0178a6530d078b0f\" style=\"line-height:1.4\">2. Detail the kind of holidays which Collett&#8217;s offer their clients.<\/p>\n\n\n\n<p class=\"has-ast-global-color-0-color has-text-color has-link-color wp-elements-a8ffb428ce3aafb52c3db4b08ea674e4\" style=\"line-height:1.4\">3. Outline the &#8216;niche&#8217; or special market that Collett&#8217;s has developed over 25 years in business.<\/p>\n\n\n\n<p class=\"has-ast-global-color-0-color has-text-color has-link-color wp-elements-2b2087699c391f8d9b0576c0d38034fd\" style=\"line-height:1.4\">4. Explain the kind of walks that Collett&#8217;s offer to all its clients.<\/p>\n\n\n\n<p class=\"has-ast-global-color-0-color has-text-color has-link-color wp-elements-39b968df351abc79a2ed3c64385ade31\" style=\"line-height:1.4\">5. Describe the important role of Collett&#8217;s resident Walks Team.<\/p>\n\n\n\n<p class=\"has-ast-global-color-0-color has-text-color has-link-color wp-elements-fbe46142a6f503ea791dc2349f9ff55d\" style=\"line-height:1.4\"><strong><em><a href=\"http:\/\/www.colletts.co.uk\" class=\"ek-link\">www.colletts.co.uk<\/a><\/em><\/strong><\/p>\n\n\n\n<p><\/p>\n\n\n\n<figure class=\"wp-block-image size-large\"><img loading=\"lazy\" decoding=\"async\" width=\"771\" height=\"1024\" src=\"https:\/\/accessbusinessenglish.com\/wp-content\/uploads\/2023\/07\/Screenshot-2023-07-07-at-19.03.39-771x1024.png\" alt=\"\" class=\"wp-image-51661\" srcset=\"https:\/\/accessbusinessenglish.com\/wp-content\/uploads\/2023\/07\/Screenshot-2023-07-07-at-19.03.39-771x1024.png 771w, https:\/\/accessbusinessenglish.com\/wp-content\/uploads\/2023\/07\/Screenshot-2023-07-07-at-19.03.39-226x300.png 226w, https:\/\/accessbusinessenglish.com\/wp-content\/uploads\/2023\/07\/Screenshot-2023-07-07-at-19.03.39-768x1020.png 768w, https:\/\/accessbusinessenglish.com\/wp-content\/uploads\/2023\/07\/Screenshot-2023-07-07-at-19.03.39-9x12.png 9w, https:\/\/accessbusinessenglish.com\/wp-content\/uploads\/2023\/07\/Screenshot-2023-07-07-at-19.03.39.png 1050w\" sizes=\"auto, (max-width: 771px) 100vw, 771px\" \/><\/figure>","protected":false},"excerpt":{"rendered":"<p>Tourism Intermediate Conversation Lesson: Tour operator &#8211; Collett&#8217;s Mountain Holidays (UK) Before&nbsp;your trial lesson, listen to the audio recording whilst reading the text. Additionally, study the 5 questions to gain an understanding of the topics and themes that will be covered during your online trial conversation lesson. For over 25 years, eco-friendly walking and skiing&#8230;<\/p>","protected":false},"author":269,"featured_media":51640,"parent":0,"menu_order":0,"comment_status":"closed","ping_status":"closed","template":"","meta":{"_kad_post_transparent":"","_kad_post_title":"","_kad_post_layout":"","_kad_post_sidebar_id":"","_kad_post_content_style":"","_kad_post_vertical_padding":"","_kad_post_feature":"","_kad_post_feature_position":"","_kad_post_header":false,"_kad_post_footer":false,"_kad_post_classname":"","footnotes":""},"class_list":["post-51636","page","type-page","status-publish","has-post-thumbnail","hentry"],"_links":{"self":[{"href":"https:\/\/accessbusinessenglish.com\/es\/wp-json\/wp\/v2\/pages\/51636","targetHints":{"allow":["GET"]}}],"collection":[{"href":"https:\/\/accessbusinessenglish.com\/es\/wp-json\/wp\/v2\/pages"}],"about":[{"href":"https:\/\/accessbusinessenglish.com\/es\/wp-json\/wp\/v2\/types\/page"}],"author":[{"embeddable":true,"href":"https:\/\/accessbusinessenglish.com\/es\/wp-json\/wp\/v2\/users\/269"}],"replies":[{"embeddable":true,"href":"https:\/\/accessbusinessenglish.com\/es\/wp-json\/wp\/v2\/comments?post=51636"}],"version-history":[{"count":42,"href":"https:\/\/accessbusinessenglish.com\/es\/wp-json\/wp\/v2\/pages\/51636\/revisions"}],"predecessor-version":[{"id":58300,"href":"https:\/\/accessbusinessenglish.com\/es\/wp-json\/wp\/v2\/pages\/51636\/revisions\/58300"}],"wp:featuredmedia":[{"embeddable":true,"href":"https:\/\/accessbusinessenglish.com\/es\/wp-json\/wp\/v2\/media\/51640"}],"wp:attachment":[{"href":"https:\/\/accessbusinessenglish.com\/es\/wp-json\/wp\/v2\/media?parent=51636"}],"curies":[{"name":"wp","href":"https:\/\/api.w.org\/{rel}","templated":true}]}}