{"id":51918,"date":"2023-07-10T17:33:14","date_gmt":"2023-07-10T16:33:14","guid":{"rendered":"https:\/\/accessbusinessenglish.com\/accessabe-mkii-p\/?page_id=51918"},"modified":"2026-03-06T13:14:30","modified_gmt":"2026-03-06T13:14:30","slug":"aviation-intermediate-conversation-lesson-airlines-ground-operations","status":"publish","type":"page","link":"https:\/\/accessbusinessenglish.com\/es\/aviation-intermediate-conversation-lesson-airlines-ground-operations\/","title":{"rendered":"Lecci\u00f3n de conversaci\u00f3n de nivel intermedio sobre aviaci\u00f3n: Operaciones aeroportuarias"},"content":{"rendered":"<p class=\"has-ast-global-color-0-color has-text-color has-link-color wp-elements-fb50eff13a8ea0d20d6654f7f9bb9adc\" style=\"font-size:20px\"><strong>Lecci\u00f3n de conversaci\u00f3n de nivel intermedio sobre aviaci\u00f3n: Operaciones aeroportuarias<\/strong><\/p>\n\n\n\n<figure class=\"wp-block-image size-large\"><img loading=\"lazy\" decoding=\"async\" width=\"1024\" height=\"665\" src=\"https:\/\/accessbusinessenglish.com\/wp-content\/uploads\/2020\/03\/EasyJet-deicing--1024x665.jpg\" alt=\"\" class=\"wp-image-34498\" srcset=\"https:\/\/accessbusinessenglish.com\/wp-content\/uploads\/2020\/03\/EasyJet-deicing--1024x665.jpg 1024w, https:\/\/accessbusinessenglish.com\/wp-content\/uploads\/2020\/03\/EasyJet-deicing--300x195.jpg 300w, https:\/\/accessbusinessenglish.com\/wp-content\/uploads\/2020\/03\/EasyJet-deicing--768x499.jpg 768w, https:\/\/accessbusinessenglish.com\/wp-content\/uploads\/2020\/03\/EasyJet-deicing--1536x998.jpg 1536w, https:\/\/accessbusinessenglish.com\/wp-content\/uploads\/2020\/03\/EasyJet-deicing--2048x1330.jpg 2048w, https:\/\/accessbusinessenglish.com\/wp-content\/uploads\/2020\/03\/EasyJet-deicing--400x260.jpg 400w, https:\/\/accessbusinessenglish.com\/wp-content\/uploads\/2020\/03\/EasyJet-deicing--600x390.jpg 600w\" sizes=\"auto, (max-width: 1024px) 100vw, 1024px\" \/><\/figure>\n\n\n\n<p><\/p>\n\n\n\n<p class=\"has-ast-global-color-0-color has-text-color has-link-color wp-elements-ab370b713b6e9cb87e5e06a44d8d5aa1 translation-block\" style=\"font-size:16px;line-height:1.4\"><b><i> Antes de su clase de prueba, escuche la grabaci\u00f3n de audio mientras lee el texto. Adem\u00e1s, estudie las 5 preguntas para comprender mejor los temas que se tratar\u00e1n durante la clase de prueba de conversaci\u00f3n en l\u00ednea. <\/b><\/i><\/p>\n\n\n\n<p><\/p>\n\n\n\n<figure class=\"wp-block-audio\"><audio controls src=\"https:\/\/accessbusinessenglish.com\/wp-content\/uploads\/2023\/07\/INT-CONBE-GROUND-OPS-REVISED-LESS-MB-INTRO.mp3\"><\/audio><\/figure>\n\n\n\n<p><\/p>\n\n\n\n<p class=\"has-ast-global-color-0-color has-text-color has-link-color wp-elements-691f24822442a1ca7253a87719f3cfe6\" style=\"font-size:16px;line-height:1.4\">The ground operations department, often referred to as \u2018ground ops\u2019, is&nbsp;primarily&nbsp;responsible for handling passengers and their&nbsp;baggage, loading&nbsp;mail&nbsp;and cargo,&nbsp;emplaning&nbsp;and&nbsp;deplaning.&nbsp;They also meet arriving flights and provide customer service and cargo services as required.<\/p>\n\n\n\n<p class=\"has-ast-global-color-0-color has-text-color has-link-color wp-elements-61ed58946bf1f1a671e5562ec44cd7b6\" style=\"font-size:16px;line-height:1.4\">Ground ops works very closely with flight ops, particularly flight crews, in order to&nbsp;coordinate&nbsp;pre-flight services in the cabin and to ensure that aircraft have everything they need, from&nbsp;catering&nbsp;to fresh&nbsp;potable&nbsp;water,&nbsp;toiletries, pillows and blankets on long-haul flights, headphones,  inflight&nbsp;entertainment videos and audios, duty-free goods and inflight&nbsp;brochures.<\/p>\n\n\n\n<p class=\"has-ast-global-color-0-color has-text-color has-link-color wp-elements-34149a72ce0a08823f3f84d9db68e3e3\" style=\"font-size:16px;line-height:1.4\">Whilst much activity is taking place in the terminal and inside the aircraft cabin, there are also many actions taking place outside at ground level on the&nbsp;tarmac. Ground ops is responsible for the safety and security of the aircraft whilst at the gate and in wintry weather their personnel are responsible for de-icing the aircraft as well as snow clearance on the&nbsp;apron.<\/p>\n\n\n\n<p class=\"has-ast-global-color-0-color has-text-color has-link-color wp-elements-2414158ba11363ee7f5aeac88b95dc38\" style=\"font-size:16px;line-height:1.4\">Additionally, in preparation for departure, ground ops provides a ground power unit (GPU) which connects an&nbsp;external&nbsp;electrical supply to the aircraft for engine-starts and other electrical services until the aircraft is&nbsp;generating&nbsp;its own power. Ground ops staff are then responsible for the safe&nbsp;push-back&nbsp;and&nbsp;marshalling&nbsp;of aircraft in the gate area to avoid any&nbsp;collisions&nbsp;as the aircraft proceeds to the&nbsp;taxiway&nbsp;and finally to the runway for take-off.<\/p>\n\n\n\n<p class=\"has-ast-global-color-0-color has-text-color has-link-color wp-elements-d8ac2181366d702ec338518ba4a8a90b\"><strong>5 Key topics<\/strong>&nbsp;<strong>for discussion in the conversation lesson<\/strong><\/p>\n\n\n\n<p class=\"has-ast-global-color-0-color has-text-color has-link-color wp-elements-96b768652d9e929ec2df667528365831\">1. Summarise briefly this article on &#8220;Ground ops&#8221; and your initial reaction to it.<\/p>\n\n\n\n<p class=\"has-ast-global-color-0-color has-text-color has-link-color wp-elements-8f744abd72ec921d3a42ac281a8971c0\">2. Describe &#8220;Ground ops&#8221; primary responsibilities inside the aircraft whilst parked at the airport terminal.<\/p>\n\n\n\n<p class=\"has-ast-global-color-0-color has-text-color has-link-color wp-elements-680d9cd3d56f9ab0d532daf38ebca1b0\">3. Describe &#8220;Ground ops&#8221; primary responsibilities outside the aircraft.<\/p>\n\n\n\n<p class=\"has-ast-global-color-0-color has-text-color has-link-color wp-elements-27436095ac3e1f79b8486a8a74f2f446\">4. Explain what &#8220;Ground ops&#8221; are responsible for specifically in winter-time.<\/p>\n\n\n\n<p class=\"has-ast-global-color-0-color has-text-color has-link-color wp-elements-c03a9214cda40f78415fd8b76e14d419\">5. Outline what &#8220;Ground ops&#8221; final responsibilities are when an aircraft is ready to leave the airport terminal.<\/p>\n\n\n\n<figure class=\"wp-block-image size-large\"><img loading=\"lazy\" decoding=\"async\" width=\"1024\" height=\"518\" src=\"https:\/\/accessbusinessenglish.com\/wp-content\/uploads\/2023\/07\/Screenshot-2023-07-10-at-18.44.33-1024x518.png\" alt=\"\" class=\"wp-image-51933\" srcset=\"https:\/\/accessbusinessenglish.com\/wp-content\/uploads\/2023\/07\/Screenshot-2023-07-10-at-18.44.33-1024x518.png 1024w, https:\/\/accessbusinessenglish.com\/wp-content\/uploads\/2023\/07\/Screenshot-2023-07-10-at-18.44.33-300x152.png 300w, https:\/\/accessbusinessenglish.com\/wp-content\/uploads\/2023\/07\/Screenshot-2023-07-10-at-18.44.33-768x388.png 768w, https:\/\/accessbusinessenglish.com\/wp-content\/uploads\/2023\/07\/Screenshot-2023-07-10-at-18.44.33-1536x777.png 1536w, https:\/\/accessbusinessenglish.com\/wp-content\/uploads\/2023\/07\/Screenshot-2023-07-10-at-18.44.33-18x9.png 18w, https:\/\/accessbusinessenglish.com\/wp-content\/uploads\/2023\/07\/Screenshot-2023-07-10-at-18.44.33.png 1566w\" sizes=\"auto, (max-width: 1024px) 100vw, 1024px\" \/><\/figure>","protected":false},"excerpt":{"rendered":"<p>Aviation Intermediate Conversation Lesson: Airline Ground Operations Before&nbsp;your trial lesson, listen to the audio recording whilst reading the text. Additionally, study the 5 questions to gain an understanding of the topics and themes that will be covered during your online trial conversation lesson. The ground operations department, often referred to as \u2018ground ops\u2019, is&nbsp;primarily&nbsp;responsible for&#8230;<\/p>","protected":false},"author":269,"featured_media":0,"parent":0,"menu_order":0,"comment_status":"closed","ping_status":"closed","template":"","meta":{"_kad_post_transparent":"","_kad_post_title":"","_kad_post_layout":"","_kad_post_sidebar_id":"","_kad_post_content_style":"","_kad_post_vertical_padding":"","_kad_post_feature":"","_kad_post_feature_position":"","_kad_post_header":false,"_kad_post_footer":false,"_kad_post_classname":"","footnotes":""},"class_list":["post-51918","page","type-page","status-publish","hentry"],"_links":{"self":[{"href":"https:\/\/accessbusinessenglish.com\/es\/wp-json\/wp\/v2\/pages\/51918","targetHints":{"allow":["GET"]}}],"collection":[{"href":"https:\/\/accessbusinessenglish.com\/es\/wp-json\/wp\/v2\/pages"}],"about":[{"href":"https:\/\/accessbusinessenglish.com\/es\/wp-json\/wp\/v2\/types\/page"}],"author":[{"embeddable":true,"href":"https:\/\/accessbusinessenglish.com\/es\/wp-json\/wp\/v2\/users\/269"}],"replies":[{"embeddable":true,"href":"https:\/\/accessbusinessenglish.com\/es\/wp-json\/wp\/v2\/comments?post=51918"}],"version-history":[{"count":30,"href":"https:\/\/accessbusinessenglish.com\/es\/wp-json\/wp\/v2\/pages\/51918\/revisions"}],"predecessor-version":[{"id":58293,"href":"https:\/\/accessbusinessenglish.com\/es\/wp-json\/wp\/v2\/pages\/51918\/revisions\/58293"}],"wp:attachment":[{"href":"https:\/\/accessbusinessenglish.com\/es\/wp-json\/wp\/v2\/media?parent=51918"}],"curies":[{"name":"wp","href":"https:\/\/api.w.org\/{rel}","templated":true}]}}