{"id":58335,"date":"2026-03-11T16:18:42","date_gmt":"2026-03-11T16:18:42","guid":{"rendered":"https:\/\/accessbusinessenglish.com\/?page_id=58335"},"modified":"2026-03-12T09:57:19","modified_gmt":"2026-03-12T09:57:19","slug":"free-samples-of-e-learning-courses","status":"publish","type":"page","link":"https:\/\/accessbusinessenglish.com\/es\/free-samples-of-e-learning-courses\/","title":{"rendered":"Muestras gratuitas de cursos de aprendizaje en l\u00ednea (eLearning)"},"content":{"rendered":"<p class=\"has-medium-font-size\"><strong>\u00abOperaciones de vuelo y operaciones en tierra\u00bb<\/strong><\/p>\n\n\n\n<p>Este minicurso de tres m\u00f3dulos ofrece una descripci\u00f3n general de dos departamentos de vital importancia dentro de cualquier aerol\u00ednea: las operaciones de vuelo, conocidas como \u00abflight ops\u00bb, y las operaciones en tierra, conocidas como \u00abground ops\u00bb. Tambi\u00e9n se aborda el proceso de formaci\u00f3n de los pilotos de l\u00ednea a\u00e9rea, as\u00ed como una explicaci\u00f3n de sus responsabilidades profesionales y los posibles salarios y beneficios.<\/p>\n\n\n\n<div class=\"wp-block-buttons is-layout-flex wp-block-buttons-is-layout-flex\">\n<div class=\"wp-block-button has-custom-width wp-block-button__width-25\"><a class=\"wp-block-button__link wp-element-button\" href=\"https:\/\/accessbusinessenglish.com\/courses\/1011-avn-basic-flight-operations-and-ground-operations\/\"><strong>B\u00e1sico<\/strong><\/a><\/div>\n<\/div>\n\n\n\n<div class=\"wp-block-buttons is-layout-flex wp-block-buttons-is-layout-flex\">\n<div class=\"wp-block-button has-custom-width wp-block-button__width-25\"><a class=\"wp-block-button__link wp-element-button\" href=\"https:\/\/accessbusinessenglish.com\/courses\/2001-avn-intermediate-flight-operations-and-ground-operations\/\"><strong>Intermedio<\/strong><\/a><\/div>\n<\/div>\n\n\n\n<div class=\"wp-block-buttons is-layout-flex wp-block-buttons-is-layout-flex\">\n<div class=\"wp-block-button has-custom-width wp-block-button__width-25\"><a class=\"wp-block-button__link wp-element-button\" href=\"https:\/\/accessbusinessenglish.com\/courses\/3011-avn-advanced-flight-operations-and-ground-operations\/\"><strong>Avanzado<\/strong><\/a><\/div>\n<\/div>\n\n\n\n<p><\/p>","protected":false},"excerpt":{"rendered":"<p>Flight Operations and Ground Operations These 3-Module Mini Course overview two vitally important departments within every airline, namely Flight Operations known as \u2018flight ops\u2019, and Ground Operations known as \u2018ground ops\u2019. The process of training airline pilots is also covered, as well as an explanation of their professional responsibilities and potential salaries and benefits.<\/p>","protected":false},"author":269,"featured_media":0,"parent":0,"menu_order":0,"comment_status":"closed","ping_status":"closed","template":"","meta":{"_kad_post_transparent":"","_kad_post_title":"","_kad_post_layout":"","_kad_post_sidebar_id":"","_kad_post_content_style":"","_kad_post_vertical_padding":"","_kad_post_feature":"","_kad_post_feature_position":"","_kad_post_header":false,"_kad_post_footer":false,"_kad_post_classname":"","footnotes":""},"class_list":["post-58335","page","type-page","status-publish","hentry"],"_links":{"self":[{"href":"https:\/\/accessbusinessenglish.com\/es\/wp-json\/wp\/v2\/pages\/58335","targetHints":{"allow":["GET"]}}],"collection":[{"href":"https:\/\/accessbusinessenglish.com\/es\/wp-json\/wp\/v2\/pages"}],"about":[{"href":"https:\/\/accessbusinessenglish.com\/es\/wp-json\/wp\/v2\/types\/page"}],"author":[{"embeddable":true,"href":"https:\/\/accessbusinessenglish.com\/es\/wp-json\/wp\/v2\/users\/269"}],"replies":[{"embeddable":true,"href":"https:\/\/accessbusinessenglish.com\/es\/wp-json\/wp\/v2\/comments?post=58335"}],"version-history":[{"count":7,"href":"https:\/\/accessbusinessenglish.com\/es\/wp-json\/wp\/v2\/pages\/58335\/revisions"}],"predecessor-version":[{"id":58354,"href":"https:\/\/accessbusinessenglish.com\/es\/wp-json\/wp\/v2\/pages\/58335\/revisions\/58354"}],"wp:attachment":[{"href":"https:\/\/accessbusinessenglish.com\/es\/wp-json\/wp\/v2\/media?parent=58335"}],"curies":[{"name":"wp","href":"https:\/\/api.w.org\/{rel}","templated":true}]}}