{"id":17,"date":"2018-11-19T19:50:38","date_gmt":"2018-11-19T19:50:38","guid":{"rendered":"http:\/\/rishabh.sharkz.in\/?page_id=17"},"modified":"2026-03-27T17:11:09","modified_gmt":"2026-03-27T17:11:09","slug":"home","status":"publish","type":"page","link":"https:\/\/accessbusinessenglish.com\/fr\/","title":{"rendered":"Accueil"},"content":{"rendered":"<div style=\"height:40px\" aria-hidden=\"true\" class=\"wp-block-spacer\"><\/div>\n\n\n\n<p class=\"has-text-align-left gold-edge has-theme-palette-1-color has-ast-global-color-0-background-color has-text-color has-background\" style=\"font-size:20px;line-height:1.4\"><strong>Bienvenue chez Access! Business English\u2026votre parcours pour am\u00e9liorer votre anglais des affaires!<\/strong><\/p>\n\n\n\n<p class=\"has-text-align-left has-ast-global-color-0-color has-text-color has-link-color wp-elements-fb404370e213441bf90f8e63f320cb6f\" style=\"margin-top:0px;margin-right:0px;margin-bottom:0px;margin-left:0px;font-size:17px;line-height:1.4\">Chez Access! Business English, nous avons une grande exp\u00e9rience professionnelle dans les domaines de l'aviation, du voyage et du tourisme. Nos cours couvrent les compagnies a\u00e9riennes, les voyages terrestres et maritimes, les agences de voyage, les tour-op\u00e9rateurs, les h\u00f4tels et les organismes officiels de tourisme. Nous avons une grande exp\u00e9rience dans l'enseignement de l'anglais des affaires dans ces secteurs et nos m\u00e9thodes d'enseignement comprennent des cours en ligne et d' eLearning.<\/p>\n\n\n\n<p><\/p>\n\n\n\n<p class=\"has-ast-global-color-0-color has-text-color\" style=\"font-size:17px;line-height:1.4\">Nous proposons cinq produits principaux:<\/p>\n\n\n\n<p class=\"has-ast-global-color-0-color has-text-color\" style=\"font-size:18px;line-height:1.4\"><strong>(1) Apprenants individuels en ligne \u2013 cours personnalis\u00e9s de conversation en anglais des affaires<\/strong><\/p>\n\n\n\n<p class=\"has-ast-global-color-0-color has-text-color has-link-color wp-elements-7b7bae25224f453cdca1e6fc7a0c895c\" style=\"font-size:17px;letter-spacing:em;line-height:1.3\">Nos cours de conversation en anglais des affaires sont con\u00e7us pour am\u00e9liorer le niveau d'anglais oral des apprenants dans le domaine des affaires, en lien avec nos principaux th\u00e8mes<em>.<\/em> En plus d'un cours d'essai gratuit en ligne, les clients peuvent acheter des forfaits de cours de conversation professionnelle de 5, 10, 25 et 50 heures. Visitez notre boutique pour plus de d\u00e9tails. <a href=\"https:\/\/accessbusinessenglish.com\/fr\/shop\/\"><strong><em>https:\/\/accessbusinessenglish.com\/shop\/<\/em><\/strong><\/a><\/p>\n\n\n\n<p class=\"has-ast-global-color-0-color has-text-color\" style=\"font-size:17px;line-height:1.4\">Veuillez cliquer sur le lien suivant pour obtenir plus d'informations, notamment les d\u00e9tails des exemples de cours de conversation en anglais des affaires.<\/p>\n\n\n\n<div class=\"wp-block-columns is-layout-flex wp-container-core-columns-is-layout-9d6595d7 wp-block-columns-is-layout-flex\">\n<div class=\"wp-block-column is-layout-flow wp-block-column-is-layout-flow\">\n<div class=\"wp-block-buttons is-layout-flex wp-block-buttons-is-layout-flex\">\n<div class=\"wp-block-button has-custom-width wp-block-button__width-50 is-style-outline is-style-outline--1\"><a class=\"wp-block-button__link has-theme-palette-2-color has-theme-palette-1-background-color has-text-color has-background has-link-color has-border-color has-theme-palette-2-border-color has-custom-font-size wp-element-button\" href=\"https:\/\/accessbusinessenglish.com\/fr\/our-products\/english-conversation-courses\/\" style=\"border-width:2px;border-top-left-radius:15px;border-top-right-radius:15px;border-bottom-left-radius:15px;border-bottom-right-radius:15px;padding-top:20px;padding-right:20px;padding-bottom:20px;padding-left:20px;font-size:17px\"><strong>Exemples de cours de conversation<\/strong><\/a><\/div>\n<\/div>\n<\/div>\n<\/div>\n\n\n\n<p class=\"has-text-align-left has-ast-global-color-0-color has-text-color\" style=\"font-size:18px;line-height:1.4\"><strong>(2) Apprenants individuels en ligne \u2013 cours personnalis\u00e9s en anglais des affaires <\/strong><\/p>\n\n\n\n<p class=\"has-text-align-justify has-ast-global-color-0-color has-text-color has-link-color wp-elements-6f7d0f40af26fe4bcf84c0d1357f70fe\" style=\"font-size:17px;letter-spacing:0px;line-height:1.4\">Nous vous invitons \u00e0 t\u00e9l\u00e9charger un \u00e9chantillon gratuit de notre cours eLearning d'auto-apprentissage sur les <strong>Op\u00e9rations a\u00e9riennes et Op\u00e9rations a\u00e9roportuaires<\/strong> aux niveaux de Base, Interm\u00e9diaire et Avanc\u00e9, afin que vous puissiez \u00e9tudier les trois options et d\u00e9cider du niveau d'\u00e9tudes qui vous convient.<\/p>\n\n\n\n<p class=\"has-text-align-justify has-ast-global-color-0-color has-text-color\" style=\"font-size:17px;letter-spacing:0px;line-height:1.4\">Ces cours de eLearning visent \u00e0 am\u00e9liorer le niveau d'anglais des affaires des apprenants ainsi que leurs connaissances professionnelles. Les cours comprennent des textes, des enregistrements audios r\u00e9alis\u00e9s par des natifs  anglais  et divers quiz. Ils sont courts, flexibles et accessibles sur ordinateur portable, tablette et t\u00e9l\u00e9phones mobiles.<\/p>\n\n\n\n<div class=\"wp-block-buttons is-layout-flex wp-block-buttons-is-layout-flex\">\n<div class=\"wp-block-button has-custom-width wp-block-button__width-50 is-style-outline is-style-outline--2\"><a class=\"wp-block-button__link has-theme-palette-15-color has-theme-palette-1-background-color has-text-color has-background has-link-color has-border-color has-theme-palette-2-border-color has-custom-font-size wp-element-button\" href=\"https:\/\/accessbusinessenglish.com\/fr\/free-samples-of-e-learning-courses\/\" style=\"border-width:2px;border-radius:15px;padding-top:20px;padding-right:20px;padding-bottom:20px;padding-left:20px;font-size:17px\"><strong>Exemples de cours d' eLearning<\/strong><\/a><\/div>\n<\/div>\n\n\n\n<p><\/p>\n\n\n\n<p class=\"has-ast-global-color-0-color has-text-color has-link-color wp-elements-deecbc2ec3721bcd4441f85710fab0db\" style=\"font-size:18px;line-height:1.4\"><strong>(4) Clients professionnels et acad\u00e9miques \u2013 cours d'anglais des affaires personnalis\u00e9s, cours de conversation, cours en ligne [eLearning] et podcasts<\/strong><\/p>\n\n\n\n<p class=\"has-ast-global-color-0-color has-text-color has-link-color wp-elements-ad8348be415f8e196204f59278878b0f\" style=\"font-size:17px;letter-spacing:0.02em;line-height:1.4\">Nous proposons des cours d'anglais des affaires en ligne ainsi que des cours d'autoformation en ligne [eLearning]. Nos cours courts comprennent au minimum de cinq modules sur des th\u00e8mes tels que <em>\u00abHow to create a Low-cost airline\u00bb<\/em> et <em>\u00abHow to create an ecotourism economy\u00bb<\/em>dans une r\u00e9gion pauvre telle que \u00abel Ca\u00f1\u00f3n de Cotahuasi\u00bb dans les Andes p\u00e9ruviennes. Kieron Heath a personnellement supervis\u00e9 la mise en place de ces deux projets majeurs au P\u00e9rou ces derni\u00e8res ann\u00e9es. Pour plus d'informations, veuillez contacter: <a href=\"mailto:kieron.heath@accessbusinessenglish.com\"><strong><em>kieron.heath@accessbusinessenglish.com<\/em><\/strong><\/a><\/p>\n\n\n\n<p><\/p>\n\n\n\n<div class=\"wp-block-buttons is-horizontal is-layout-flex wp-block-buttons-is-layout-flex\">\n<div class=\"wp-block-button has-custom-width wp-block-button__width-50 is-style-outline is-style-outline--3\"><a class=\"wp-block-button__link has-theme-palette-15-color has-theme-palette-1-background-color has-text-color has-background has-link-color has-custom-font-size wp-element-button\" href=\"https:\/\/accessbusinessenglish.com\/fr\/the-incajet-airlines-project\/\" style=\"border-width:2px;border-radius:15px;padding-top:20px;padding-right:var(--wp--preset--spacing--30);padding-bottom:20px;padding-left:var(--wp--preset--spacing--30);font-size:17px\"><strong>\u00abIncajet, P\u00e9rou \u2013 Projet de compagnie a\u00e9rienne \u00e0 bas prix\u00bb<\/strong><\/a><\/div>\n\n\n\n<div class=\"wp-block-button has-custom-width wp-block-button__width-50 is-style-outline is-style-outline--4\"><a class=\"wp-block-button__link has-theme-palette-15-color has-theme-palette-1-background-color has-text-color has-background has-link-color has-border-color has-theme-palette-2-border-color has-custom-font-size wp-element-button\" href=\"https:\/\/accessbusinessenglish.com\/fr\/ecotourism-project-peruvian-andes\/\" style=\"border-width:2px;border-radius:15px;padding-top:20px;padding-right:20px;padding-bottom:20px;padding-left:20px;font-size:17px\"><strong>Les Andes du P\u00e9rou \u2013 Projet d'\u00e9cotourisme<\/strong><\/a><\/div>\n<\/div>\n\n\n\n<p><\/p>\n\n\n\n<p class=\"has-ast-global-color-0-color has-text-color has-link-color wp-elements-34e708664fd533841353e23ba7ca7fc1\" style=\"font-size:18px;line-height:1.4\"><strong>(4) Blogcasts <\/strong><br><\/p>\n\n\n\n<p class=\"has-ast-global-color-0-color has-text-color has-link-color wp-elements-9ae665558e7e4469e7ca685d8fbdc83d\" style=\"font-size:17px;line-height:1.4\">Nous diffusons r\u00e9guli\u00e8rement des blogcasts gratuits qui comprennent un texte et un enregistrement audio pour vous aider \u00e0 am\u00e9liorer votre anglais des affaires. Pour plus de d\u00e9tails, veuillez consulter les sites suivants pour plus d'informations sur les diff\u00e9rents sujets abord\u00e9s dans nos Blogcasts.<\/p>\n\n\n\n<p><\/p>\n\n\n\n<div class=\"wp-block-columns is-layout-flex wp-container-core-columns-is-layout-9d6595d7 wp-block-columns-is-layout-flex\">\n<div class=\"wp-block-column is-layout-flow wp-block-column-is-layout-flow\">\n<div class=\"wp-block-buttons is-layout-flex wp-block-buttons-is-layout-flex\">\n<div class=\"wp-block-button has-custom-width wp-block-button__width-50 is-style-outline is-style-outline--5\"><a class=\"wp-block-button__link has-theme-palette-2-color has-theme-palette-1-background-color has-text-color has-background has-link-color has-custom-font-size wp-element-button\" href=\"https:\/\/accessbusinessenglish.com\/fr\/scotlands-loganair-evaluating-betas-electric-alia-aircraft\/\" style=\"border-width:2px;border-top-left-radius:15px;border-top-right-radius:15px;border-bottom-left-radius:15px;border-bottom-right-radius:15px;padding-top:20px;padding-bottom:20px;font-size:17px\"><strong>Blogcasts<\/strong><\/a><\/div>\n<\/div>\n<\/div>\n<\/div>\n\n\n\n<p><\/p>\n\n\n\n<p class=\"has-ast-global-color-0-color has-text-color has-link-color wp-elements-ec3b22148bff063f74b278fb6c7f41e3\" style=\"font-size:18px\"><strong>(5) R\u00e9vision et Relecture<\/strong><\/p>\n\n\n\n<p class=\"has-ast-global-color-0-color has-text-color has-link-color wp-elements-370e8429167eaeef32dd40e24925f96a\" style=\"font-size:17px;line-height:1.4\">Nous sommes sp\u00e9cialis\u00e9s dans la r\u00e9vision et la relecture professionnelle de documents destin\u00e9s aux organisations du secteur de l'aviation, du voyage et du tourisme. Nous aidons les entreprises et les organisations \u00e0 communiquer de mani\u00e8re claire et professionnelle en anglais. Nos services comprennent la relecture, la r\u00e9vision et l'am\u00e9lioration du contenu de rapports, manuels, documentation marketing, sites Web et ressources de formation. Nous mettons l'accent sur la terminologie sp\u00e9cifique \u00e0 chaque secteur, la pr\u00e9cision et la lisibilit\u00e9, afin que votre message trouve un \u00e9cho aupr\u00e8s de votre public. Nous proposons des solutions de r\u00e9vision personnalis\u00e9es qui am\u00e9liorent vos communications et renforcent votre impact international.<\/p>\n\n\n\n<p><\/p>\n\n\n\n<p class=\"has-ast-global-color-0-color has-text-color\" style=\"font-size:17px;line-height:1.4\">Nous esp\u00e9rons que vous prendrez plaisir \u00e0 am\u00e9liorer votre anglais des affaires avec nous et si vous avez des commentaires ou des suggestions pour les prochains cours, n'h\u00e9sitez pas \u00e0 nous en faire part. Si vous avez des questions, n'h\u00e9sitez pas \u00e0 contacter<strong>: <\/strong><a class=\"ek-link\" href=\"mailto:kieron.heath@accessbusinessenglish.com\"><strong><em>kieron.heath@accessbusinessenglish.com<\/em><\/strong><\/a><\/p>\n\n\n\n<p style=\"line-height:0\"><\/p>\n\n\n\n<section class=\"wp-block-uagb-columns uagb-columns__wrap uagb-columns__background-color uagb-columns__stack-none uagb-columns__valign- uagb-columns__gap-10 align uagb-block-495828e7 uagb-columns__columns-1 uagb-columns__max_width-theme\"><div class=\"uagb-columns__overlay\"><\/div><div class=\"uagb-columns__inner-wrap uagb-columns__columns-1\">\n<div class=\"wp-block-uagb-column uagb-column__wrap uagb-column__background-undefined uagb-block-3d482da7\"><div class=\"uagb-column__overlay\"><\/div>\n\n<\/div>\n<\/div><\/section>\n\n\n\n<div class=\"wp-block-columns is-layout-flex wp-container-core-columns-is-layout-9d6595d7 wp-block-columns-is-layout-flex\">\n<div class=\"wp-block-column is-layout-flow wp-block-column-is-layout-flow\">\n<div class=\"wp-block-columns is-layout-flex wp-container-core-columns-is-layout-9d6595d7 wp-block-columns-is-layout-flex\">\n<div class=\"wp-block-column is-layout-flow wp-block-column-is-layout-flow\" style=\"flex-basis:25%\"><\/div>\n\n\n\n<div class=\"wp-block-column is-layout-flow wp-block-column-is-layout-flow\" style=\"flex-basis:50%\"><\/div>\n\n\n\n<div class=\"wp-block-column is-layout-flow wp-block-column-is-layout-flow\" style=\"flex-basis:25%\"><\/div>\n<\/div>\n<\/div>\n\n\n\n<div class=\"wp-block-column is-layout-flow wp-block-column-is-layout-flow\"><\/div>\n<\/div>\n\n\n\n<p><\/p>\n\n\n\n<p><\/p>\n\n\n\n<p><\/p>\n\n\n<div class=\"learndash-wrap\"><div class=\"learndash-wrapper ld-registration__outer-wrapper\">\n\t<div class=\"learndash-registration-wrapper\" style=\"\" >\n\t\t<div\n\t\t\tclass=\"ld-registration__wrapper ld-registration__wrapper--login\"\n\t\t\tdata-js=\"learndash-view\"\n\t\t\tdata-learndash-breakpoints=\"{&quot;breakpoints&quot;:{&quot;mobile&quot;:375,&quot;tablet&quot;:420,&quot;extra-small&quot;:600,&quot;small&quot;:720,&quot;medium&quot;:960,&quot;large&quot;:1240,&quot;wide&quot;:1440}}\"\n\t\t\tdata-learndash-breakpoint-pointer=\"421eebd5-5076-49fb-98b5-bd247f3a135a\"\n\t\t>\n\t\t\t<div class=\"ld-registration__form\">\n\t\t\t\t\n\t\t\t\t\n\t\t\t\t\t\t\t\t\t<div class=\"ld-registration__forgot-password-container\">\n\t\t\t\t\t\t<h2 class=\"ld-registration__heading\">\n\t\t\t\t\t\t\tForgot Password\t\t\t\t\t\t<\/h2>\n\t\t\t\t\t\t<form action=\"\" method=\"POST\" class=\"ld-form ld-registration__forgot-password-form\" data-trp-original-action=\"\">\n\t\t\t\t\t\t\t<label for=\"user_login\">Username or Email Address *<\/label>\n\t\t\t\t\t\t\t<div class=\"ld-form__field-wrapper ld-form__field-user_login-wrapper\">\n\t\t\t\t\t\t\t\t<input\n\t\t\t\t\t\t\t\t\ttype=\"text\"\n\t\t\t\t\t\t\t\t\tname=\"user_login\"\n\t\t\t\t\t\t\t\t\tid=\"user_login\"\n\t\t\t\t\t\t\t\t\tautocapitalize=\"off\"\n\t\t\t\t\t\t\t\t\tautocomplete=\"off\"\n\t\t\t\t\t\t\t\t\tclass=\"ld-form__field ld-form__field-user_login\"\n\t\t\t\t\t\t\t\t\/>\n\t\t\t\t\t\t\t<\/div>\n\t\t\t\t\t\t\t<input type=\"hidden\" id=\"learndash-reset-password-form-nonce\" name=\"learndash-reset-password-form-nonce\" value=\"bb53e1e8e2\" \/><input type=\"hidden\" name=\"_wp_http_referer\" value=\"\/fr\/wp-json\/wp\/v2\/pages\/17\" \/>\t\t\t\t\t\t\t<input\n\t\t\t\t\t\t\t\ttype=\"submit\"\n\t\t\t\t\t\t\t\tvalue=\"Reset Password\"\n\t\t\t\t\t\t\t\tclass=\"button button-primary button-large wp-element-button\"\n\t\t\t\t\t\t\t\/>\n\t\t\t\t\t\t<input type=\"hidden\" name=\"trp-form-language\" value=\"fr\"\/><\/form>\n\t\t\t\t\t<\/div>\n\t\t\t\t\t\t\t<\/div>\n\t\t<\/div>\n\t<\/div>\n<\/div>\n<script class=\"learndash-breakpoints\">\n\t( function () {\n\t\tlet completed = false;\n\n\t\t\/**\n\t\t * Initializes the LearnDash Breakpoints.\n\t\t *\n\t\t * @since 4.16.0\n\t\t *\/\n\t\tfunction initBreakpoints() {\n\t\t\tif ( completed ) {\n\t\t\t\t\/\/ This was fired already and completed no need to attach to the event listener.\n\t\t\t\tdocument.removeEventListener( 'DOMContentLoaded', initBreakpoints );\n\t\t\t\treturn;\n\t\t\t}\n\n\t\t\tif (\n\t\t\t\t'undefined' === typeof window.learndash ||\n\t\t\t\t'undefined' === typeof window.learndash.views ||\n\t\t\t\t'undefined' === typeof window.learndash.views.breakpoints ||\n\t\t\t\t'function' !== typeof (window.learndash.views.breakpoints.setup)\n\t\t\t) {\n\t\t\t\treturn;\n\t\t\t}\n\n\t\t\tconst container = document.querySelector(\n\t\t\t\t'[data-learndash-breakpoint-pointer=\"421eebd5-5076-49fb-98b5-bd247f3a135a\"]'\n\t\t\t);\n\n\t\t\tif ( ! container ) {\n\t\t\t\treturn;\n\t\t\t}\n\n\t\t\twindow.learndash.views.breakpoints.setup( container );\n\t\t\tcompleted = true;\n\t\t\t\/\/ This was fired already and completed no need to attach to the event listener.\n\t\t\tdocument.removeEventListener( 'DOMContentLoaded', initBreakpoints );\n\t\t}\n\n\t\t\/\/ Try to init the breakpoints right away.\n\t\tinitBreakpoints();\n\t\tdocument.addEventListener( 'DOMContentLoaded', initBreakpoints );\n\t})();\n<\/script>\n<\/div>\n\n\n<p><\/p>","protected":false},"excerpt":{"rendered":"<p>Welcome to Access! Business English&#8230;your pathway to Business English improvement! At Access! Business English we have extensive professional experience in aviation, travel and tourism. Our courses cover airlines, land and sea travel, travel agencies, tour operators, hospitality and official tourism organisations. We have much international experience of teaching Business English in these sectors and our&#8230;<\/p>","protected":false},"author":269,"featured_media":51898,"parent":0,"menu_order":0,"comment_status":"closed","ping_status":"closed","template":"","meta":{"_kad_post_transparent":"","_kad_post_title":"","_kad_post_layout":"","_kad_post_sidebar_id":"","_kad_post_content_style":"","_kad_post_vertical_padding":"","_kad_post_feature":"","_kad_post_feature_position":"","_kad_post_header":false,"_kad_post_footer":false,"_kad_post_classname":"","footnotes":""},"class_list":["post-17","page","type-page","status-publish","has-post-thumbnail","hentry"],"_links":{"self":[{"href":"https:\/\/accessbusinessenglish.com\/fr\/wp-json\/wp\/v2\/pages\/17","targetHints":{"allow":["GET"]}}],"collection":[{"href":"https:\/\/accessbusinessenglish.com\/fr\/wp-json\/wp\/v2\/pages"}],"about":[{"href":"https:\/\/accessbusinessenglish.com\/fr\/wp-json\/wp\/v2\/types\/page"}],"author":[{"embeddable":true,"href":"https:\/\/accessbusinessenglish.com\/fr\/wp-json\/wp\/v2\/users\/269"}],"replies":[{"embeddable":true,"href":"https:\/\/accessbusinessenglish.com\/fr\/wp-json\/wp\/v2\/comments?post=17"}],"version-history":[{"count":840,"href":"https:\/\/accessbusinessenglish.com\/fr\/wp-json\/wp\/v2\/pages\/17\/revisions"}],"predecessor-version":[{"id":58513,"href":"https:\/\/accessbusinessenglish.com\/fr\/wp-json\/wp\/v2\/pages\/17\/revisions\/58513"}],"wp:featuredmedia":[{"embeddable":true,"href":"https:\/\/accessbusinessenglish.com\/fr\/wp-json\/wp\/v2\/media\/51898"}],"wp:attachment":[{"href":"https:\/\/accessbusinessenglish.com\/fr\/wp-json\/wp\/v2\/media?parent=17"}],"curies":[{"name":"wp","href":"https:\/\/api.w.org\/{rel}","templated":true}]}}