{"id":33318,"date":"2020-02-15T05:02:31","date_gmt":"2020-02-15T05:02:31","guid":{"rendered":"https:\/\/accessbusinessenglish.com\/?page_id=33318"},"modified":"2026-02-08T17:19:16","modified_gmt":"2026-02-08T17:19:16","slug":"copyright-notice-for-access-aviation-business-english","status":"publish","type":"page","link":"https:\/\/accessbusinessenglish.com\/fr\/copyright-notice-for-access-aviation-business-english\/","title":{"rendered":"Propri\u00e9t\u00e9 Intellectuelle"},"content":{"rendered":"<div style=\"height:10px\" aria-hidden=\"true\" class=\"wp-block-spacer\"><\/div>\n\n\n\n<p class=\"has-ast-global-color-0-color has-text-color has-normal-font-size\" style=\"line-height:1.4\">Ce website et son contenu sont la propri\u00e9t\u00e9 d'Access! Aviation Business English: \u00a9Access! Aviation Business English (2026) - tous droits r\u00e9serv\u00e9s. Toute redistribution ou reproduction d'une partie ou de la totalit\u00e9 du contenu sous quelque forme que ce soit est interdite, \u00e0 l'exception de ce qui suit:<\/p>\n\n\n\n<p class=\"has-ast-global-color-0-color has-text-color has-link-color wp-elements-d387697d35b7b728d78d6c8d79ce4475\">(a) Vous pouvez imprimer ou t\u00e9l\u00e9charger sur un disque dur local des extraits pour votre usage personnel exclusivement et non commercial. <\/p>\n\n\n\n<p class=\"has-ast-global-color-0-color has-text-color has-link-color wp-elements-69e31f66a628d36e7e9ebabe7a8ff8e0 translation-block\">(b) Vous ne pouvez pas, sauf avec notre autorisation \u00e9crite expresse, distribuer ou exploiter commercialement le contenu de ce website.<\/p>\n\n\n\n<p class=\"has-ast-global-color-0-color has-text-color has-link-color wp-elements-b1992bd4571fa6357a3bf0d6bd4e62ef\">(c) <strong>De m\u00eame,<\/strong> vous ne pouvez pas les transmettre ou les stocker dans un autre website ou dans toute autre forme de syst\u00e8me d'extraction \u00e9lectronique.<\/p>\n\n\n\n<p><\/p>","protected":false},"excerpt":{"rendered":"<p>This website and its contents are the copyright of Access! Business English: \u00a9Access! Business English (2026) All rights reserved. Any redistribution or reproduction of part or all of the contents in any form is prohibited other than the following; (a) You may print or download to a local hard disk extracts for your personal and&#8230;<\/p>","protected":false},"author":269,"featured_media":0,"parent":0,"menu_order":0,"comment_status":"closed","ping_status":"closed","template":"","meta":{"_kad_post_transparent":"","_kad_post_title":"","_kad_post_layout":"","_kad_post_sidebar_id":"","_kad_post_content_style":"","_kad_post_vertical_padding":"","_kad_post_feature":"","_kad_post_feature_position":"","_kad_post_header":false,"_kad_post_footer":false,"_kad_post_classname":"","footnotes":""},"class_list":["post-33318","page","type-page","status-publish","hentry"],"_links":{"self":[{"href":"https:\/\/accessbusinessenglish.com\/fr\/wp-json\/wp\/v2\/pages\/33318","targetHints":{"allow":["GET"]}}],"collection":[{"href":"https:\/\/accessbusinessenglish.com\/fr\/wp-json\/wp\/v2\/pages"}],"about":[{"href":"https:\/\/accessbusinessenglish.com\/fr\/wp-json\/wp\/v2\/types\/page"}],"author":[{"embeddable":true,"href":"https:\/\/accessbusinessenglish.com\/fr\/wp-json\/wp\/v2\/users\/269"}],"replies":[{"embeddable":true,"href":"https:\/\/accessbusinessenglish.com\/fr\/wp-json\/wp\/v2\/comments?post=33318"}],"version-history":[{"count":10,"href":"https:\/\/accessbusinessenglish.com\/fr\/wp-json\/wp\/v2\/pages\/33318\/revisions"}],"predecessor-version":[{"id":57915,"href":"https:\/\/accessbusinessenglish.com\/fr\/wp-json\/wp\/v2\/pages\/33318\/revisions\/57915"}],"wp:attachment":[{"href":"https:\/\/accessbusinessenglish.com\/fr\/wp-json\/wp\/v2\/media?parent=33318"}],"curies":[{"name":"wp","href":"https:\/\/api.w.org\/{rel}","templated":true}]}}