{"id":49260,"date":"2022-09-23T13:03:46","date_gmt":"2022-09-23T13:03:46","guid":{"rendered":"https:\/\/stg.accessabe.com\/?page_id=49260"},"modified":"2026-03-26T13:37:42","modified_gmt":"2026-03-26T13:37:42","slug":"english-conversation-courses","status":"publish","type":"page","link":"https:\/\/accessbusinessenglish.com\/fr\/our-products\/english-conversation-courses\/","title":{"rendered":"Cours de conversation en anglais des affaires"},"content":{"rendered":"<p class=\"has-ast-global-color-0-color has-text-color has-link-color has-medium-font-size wp-elements-635f438d39647a1344902df4aed3cc60\"><\/p>\n\n\n\n<p class=\"has-ast-global-color-0-color has-text-color has-link-color wp-elements-f8bf4b8e446c5ed127d9e3794b324cdf\" style=\"font-size:18px\"><strong><em>Points cl\u00e9s<\/em><\/strong><\/p>\n\n\n\n<p class=\"has-ast-global-color-0-color has-text-color has-link-color wp-elements-2c707a0fb961cea309c4a4cac3452a14\" style=\"font-size:19px;line-height:1.4\"><strong>*<\/strong> <strong><span style=\"text-decoration: underline;\">Cours de conversation en anglais des affaires - les forfaits individuels de cours (5, 10, 25 et 50 heures)<\/span><\/strong><\/p>\n\n\n\n<p class=\"has-text-align-justify has-ast-global-color-0-color has-text-color has-link-color wp-elements-7838fd5f46b2da687e00df3e79b0f25e\" style=\"font-size:17px;line-height:1.4\">Nos cours de conversation customis\u00e9s d'anglais commercial proposent des forfaits de 5, 10, 25 ou 50 heures et permettent aux \u00e9tudiants de choisir la dur\u00e9e de chaque le\u00e7on: la dur\u00e9e minimale d'une le\u00e7on est d'une heure, la dur\u00e9e maximale est de deux heures.<\/p>\n\n\n\n<p class=\"has-text-align-justify has-ast-global-color-0-color has-text-color has-link-color wp-elements-6c5985d4c26063920c8094df10afe848\" style=\"font-size:17px;line-height:1.4\">Toutes nos le\u00e7ons de conversation, y compris la le\u00e7on de conversation d'essai, se d\u00e9roulent en ligne. Apr\u00e8s chaque le\u00e7on, nous envoyons \u00e0 nos \u00e9tudiants un enregistrement audio de la le\u00e7on pour leur permettre de la revoir et de la r\u00e9viser \u00e0 leur convenance.<\/p>\n\n\n\n<p class=\"has-ast-global-color-0-color has-text-color has-link-color wp-elements-70be458c622c85fbb5a275cbfa55c07a\" style=\"font-size:17px;line-height:1.4\">Il faut savoir que dans votre cours de conversation, vous pouvez vous concentrer sur un secteur sp\u00e9cifique, par exemple l'aviation, le secteur du voyage ou le tourisme, ou vous pouvez combiner les deux si vous le souhaitez.<\/p>\n\n\n\n<p class=\"has-ast-global-color-0-color has-text-color has-link-color wp-elements-172cfbf5e6bd447b6afeed8f3af19aa9\" style=\"font-size:19px;line-height:1.4\"><strong>*<\/strong> <strong><span style=\"text-decoration: underline;\">Cours d'essai gratuit (30 minutes)<\/span><\/strong><\/p>\n\n\n\n<p class=\"has-ast-global-color-0-color has-text-color has-link-color wp-elements-c1e73fe50e5a5f07dd0aabaffec7b028\" style=\"font-size:17px;line-height:1.4\">La le\u00e7on d'essai de conversation dure 30 minutes. Au cours de cette le\u00e7on d'essai, nous discutons avec les apprenants du niveau qui leur conviendrait le mieux pour suivre le cours de conversation qu'ils souhaitent suivre: <strong>\u00c9l\u00e9mentaire, Interm\u00e9diaire ou Avanc\u00e9<\/strong>.<\/p>\n\n\n\n<p class=\"has-text-align-justify has-ast-global-color-0-color has-text-color has-link-color wp-elements-b23f376909707d73c0eea8e855b4a998\" style=\"font-size:17px;line-height:1.4\">Nous avons produit huit mod\u00e8les de le\u00e7ons de conversation \u00e0 l'essai pour permettre aux \u00e9tudiants potentiels de comprendre notre m\u00e9thode de travail. Quatre exemples de le\u00e7ons de conversation sont li\u00e9s au secteur de l'aviation et les quatre autres au secteur du tourisme. Voir ci-dessous.<\/p>\n\n\n\n<p class=\"has-text-align-justify has-ast-global-color-0-color has-text-color has-link-color wp-elements-80671367f34c21bf8689851b945dff21\" style=\"font-size:17px;line-height:1.4\">Il est important de rappeler que lors de la le\u00e7on de conversation d'essai, nous discutons des sujets et des th\u00e8mes que les \u00e9tudiants souhaitent inclure dans leur cours de conversation customis\u00e9. Cela nous aide \u00e0 cr\u00e9er le cours le plus appropri\u00e9 pour les \u00e9tudiants et \u00e0 leur fournir le mat\u00e9riel n\u00e9cessaire avant chaque le\u00e7on.<\/p>\n\n\n\n<p><\/p>\n\n\n\n<figure class=\"wp-block-image size-large\"><img decoding=\"async\" src=\"https:\/\/accessbusinessenglish.com\/wp-content\/uploads\/2023\/07\/Screenshot-2023-07-08-at-16.28.22-1024x671.png\" alt=\"\" class=\"wp-image-51709\"\/><\/figure>\n\n\n\n<p class=\"has-ast-global-color-0-color has-text-color has-link-color wp-elements-65718aeaaf9b0f50b8e7ec78ca3dce4b\" style=\"font-size:17px\"><strong>Cours de conversation de niveau interm\u00e9diaire sur l'aviation: Op\u00e9rations a\u00e9riennes<\/strong><\/p>\n\n\n\n<div class=\"wp-block-buttons is-content-justification-left is-layout-flex wp-container-core-buttons-is-layout-fdcfc74e wp-block-buttons-is-layout-flex\">\n<div class=\"wp-block-button has-custom-width wp-block-button__width-50 is-style-outline is-style-outline--1\"><a class=\"wp-block-button__link has-theme-palette-2-color has-theme-palette-1-background-color has-text-color has-background has-link-color has-custom-font-size wp-element-button\" href=\"https:\/\/accessbusinessenglish.com\/fr\/aviation-intermediate-conversation-lesson-airlines-flight-operations\/\" style=\"border-width:2px;border-top-left-radius:15px;border-top-right-radius:15px;border-bottom-left-radius:15px;border-bottom-right-radius:15px;padding-top:20px;padding-right:20px;padding-bottom:20px;padding-left:20px;font-size:17px\"><strong>Aviation - Op\u00e9rations a\u00e9riennes<\/strong><\/a><\/div>\n<\/div>\n\n\n\n<div style=\"height:49px\" aria-hidden=\"true\" class=\"wp-block-spacer\"><\/div>\n\n\n\n<figure class=\"wp-block-image size-large\"><img loading=\"lazy\" decoding=\"async\" width=\"1024\" height=\"768\" src=\"https:\/\/accessbusinessenglish.com\/wp-content\/uploads\/2020\/02\/aircraft-2831376_1280-1024x768.jpg\" alt=\"\" class=\"wp-image-33396\" srcset=\"https:\/\/accessbusinessenglish.com\/wp-content\/uploads\/2020\/02\/aircraft-2831376_1280-1024x768.jpg 1024w, https:\/\/accessbusinessenglish.com\/wp-content\/uploads\/2020\/02\/aircraft-2831376_1280-300x225.jpg 300w, https:\/\/accessbusinessenglish.com\/wp-content\/uploads\/2020\/02\/aircraft-2831376_1280-768x576.jpg 768w, https:\/\/accessbusinessenglish.com\/wp-content\/uploads\/2020\/02\/aircraft-2831376_1280-400x300.jpg 400w, https:\/\/accessbusinessenglish.com\/wp-content\/uploads\/2020\/02\/aircraft-2831376_1280.jpg 1280w\" sizes=\"auto, (max-width: 1024px) 100vw, 1024px\" \/><\/figure>\n\n\n\n<p class=\"has-ast-global-color-0-color has-text-color has-link-color wp-elements-bcfd71257fa3f7e35a53844477b96d63\" style=\"font-size:17px\"><strong>Cours de conversation de niveau interm\u00e9diaire sur l'aviation: Op\u00e9rations a\u00e9roportuaires<\/strong><\/p>\n\n\n\n<div class=\"wp-block-buttons has-custom-font-size is-layout-flex wp-block-buttons-is-layout-flex\" style=\"font-size:14px\">\n<div class=\"wp-block-button has-custom-width wp-block-button__width-50 is-style-outline is-style-outline--2\"><a class=\"wp-block-button__link has-theme-palette-2-color has-theme-palette-1-background-color has-text-color has-background has-link-color has-custom-font-size wp-element-button\" href=\"https:\/\/accessbusinessenglish.com\/fr\/aviation-intermediate-conversation-lesson-airlines-ground-operations\/\" style=\"border-width:2px;border-top-left-radius:15px;border-top-right-radius:15px;border-bottom-left-radius:15px;border-bottom-right-radius:15px;padding-top:20px;padding-right:20px;padding-bottom:20px;padding-left:20px;font-size:17px\"><strong>Aviation - Op\u00e9rations a\u00e9roportuaires<\/strong><\/a><\/div>\n<\/div>\n\n\n\n<div style=\"height:50px\" aria-hidden=\"true\" class=\"wp-block-spacer\"><\/div>\n\n\n\n<figure class=\"wp-block-image size-full\"><img loading=\"lazy\" decoding=\"async\" width=\"1024\" height=\"576\" src=\"https:\/\/accessbusinessenglish.com\/wp-content\/uploads\/2019\/11\/Delta-employee-group-representation_1.jpg\" alt=\"\" class=\"wp-image-32102\" srcset=\"https:\/\/accessbusinessenglish.com\/wp-content\/uploads\/2019\/11\/Delta-employee-group-representation_1.jpg 1024w, https:\/\/accessbusinessenglish.com\/wp-content\/uploads\/2019\/11\/Delta-employee-group-representation_1-300x169.jpg 300w, https:\/\/accessbusinessenglish.com\/wp-content\/uploads\/2019\/11\/Delta-employee-group-representation_1-768x432.jpg 768w, https:\/\/accessbusinessenglish.com\/wp-content\/uploads\/2019\/11\/Delta-employee-group-representation_1-400x225.jpg 400w, https:\/\/accessbusinessenglish.com\/wp-content\/uploads\/2019\/11\/Delta-employee-group-representation_1-600x338.jpg 600w\" sizes=\"auto, (max-width: 1024px) 100vw, 1024px\" \/><\/figure>\n\n\n\n<p class=\"has-ast-global-color-0-color has-text-color has-link-color wp-elements-26c5f57f22dce3e0160da48abf82ea46\" style=\"font-size:17px\"><strong>Cours de conversation de niveau interm\u00e9diaire sur l'aviation: Structure organisationnelle<\/strong><\/p>\n\n\n\n<div class=\"wp-block-buttons is-layout-flex wp-block-buttons-is-layout-flex\">\n<div class=\"wp-block-button has-custom-width wp-block-button__width-50 is-style-outline is-style-outline--3\"><a class=\"wp-block-button__link has-theme-palette-2-color has-theme-palette-1-background-color has-text-color has-background has-link-color has-custom-font-size wp-element-button\" href=\"https:\/\/accessbusinessenglish.com\/fr\/aviation-intermediate-conversation-lesson-airlines-the-structure-of-a-typical-airline\/\" style=\"border-width:2px;border-top-left-radius:15px;border-top-right-radius:15px;border-bottom-left-radius:15px;border-bottom-right-radius:15px;padding-top:20px;padding-right:20px;padding-bottom:20px;padding-left:20px;font-size:17px\"><strong>Aviation -  Structure organisationnelle<\/strong><\/a><\/div>\n<\/div>\n\n\n\n<div style=\"height:50px\" aria-hidden=\"true\" class=\"wp-block-spacer\"><\/div>\n\n\n\n<figure class=\"wp-block-image size-full\"><img decoding=\"async\" src=\"https:\/\/accessbusinessenglish.com\/wp-content\/uploads\/2024\/09\/air-france-klm-group-scaled-e1582212198870.jpg\" alt=\"\" class=\"wp-image-53561\"\/><\/figure>\n\n\n\n<p class=\"has-ast-global-color-0-color has-text-color has-link-color wp-elements-31cdb6112d07563a14db7687032226ef\" style=\"font-size:17px\"><strong>Cours de conversation de niveau interm\u00e9diaire sur l'aviation: Alliances mondiales<\/strong><\/p>\n\n\n\n<div class=\"wp-block-buttons is-layout-flex wp-block-buttons-is-layout-flex\">\n<div class=\"wp-block-button has-custom-width wp-block-button__width-50 is-style-outline is-style-outline--4\"><a class=\"wp-block-button__link has-theme-palette-2-color has-theme-palette-1-background-color has-text-color has-background has-link-color has-custom-font-size wp-element-button\" href=\"https:\/\/accessbusinessenglish.com\/fr\/aviation-intermediate-conversation-lesson-airlines-global-alliances\/\" style=\"border-width:2px;border-top-left-radius:15px;border-top-right-radius:15px;border-bottom-left-radius:15px;border-bottom-right-radius:15px;padding-top:20px;padding-right:20px;padding-bottom:20px;padding-left:20px;font-size:17px\"><strong>Aviation - Alliances mondiales<\/strong><\/a><\/div>\n<\/div>\n\n\n\n<div style=\"height:50px\" aria-hidden=\"true\" class=\"wp-block-spacer\"><\/div>\n\n\n\n<figure class=\"wp-block-image size-large\"><img loading=\"lazy\" decoding=\"async\" width=\"1024\" height=\"749\" src=\"https:\/\/accessbusinessenglish.com\/wp-content\/uploads\/2024\/09\/Screenshot-2024-09-25-at-22.43.49-1024x749.png\" alt=\"\" class=\"wp-image-53592\" srcset=\"https:\/\/accessbusinessenglish.com\/wp-content\/uploads\/2024\/09\/Screenshot-2024-09-25-at-22.43.49-1024x749.png 1024w, https:\/\/accessbusinessenglish.com\/wp-content\/uploads\/2024\/09\/Screenshot-2024-09-25-at-22.43.49-300x219.png 300w, https:\/\/accessbusinessenglish.com\/wp-content\/uploads\/2024\/09\/Screenshot-2024-09-25-at-22.43.49-768x562.png 768w, https:\/\/accessbusinessenglish.com\/wp-content\/uploads\/2024\/09\/Screenshot-2024-09-25-at-22.43.49-16x12.png 16w, https:\/\/accessbusinessenglish.com\/wp-content\/uploads\/2024\/09\/Screenshot-2024-09-25-at-22.43.49.png 1170w\" sizes=\"auto, (max-width: 1024px) 100vw, 1024px\" \/><\/figure>\n\n\n\n<p class=\"has-ast-global-color-0-color has-text-color has-link-color wp-elements-440a77aa28abe964ec1d298b1d47ce02\" style=\"font-size:17px\"><strong>Cours de conversation de niveau interm\u00e9diaire sur le tourisme: Collett's Mountain Holidays (Angleterre)<\/strong><\/p>\n\n\n\n<div class=\"wp-block-buttons is-layout-flex wp-block-buttons-is-layout-flex\">\n<div class=\"wp-block-button has-custom-width wp-block-button__width-50 is-style-outline is-style-outline--5\"><a class=\"wp-block-button__link has-theme-palette-2-color has-theme-palette-1-background-color has-text-color has-background has-link-color has-custom-font-size wp-element-button\" href=\"https:\/\/accessbusinessenglish.com\/fr\/tourism-intermediate-conversation-lesson-tour-operator-colletts-mountain-holidays-uk\/\" style=\"border-width:2px;border-radius:15px;padding-top:20px;padding-right:20px;padding-bottom:20px;padding-left:20px;font-size:17px\"><strong>Tourisme - Collett\u2019s Mountain Holidays<\/strong> <strong>(Angleterre)<\/strong><\/a><\/div>\n<\/div>\n\n\n\n<div style=\"height:51px\" aria-hidden=\"true\" class=\"wp-block-spacer\"><\/div>\n\n\n\n<figure class=\"wp-block-image size-full\"><img loading=\"lazy\" decoding=\"async\" width=\"862\" height=\"878\" src=\"https:\/\/accessbusinessenglish.com\/wp-content\/uploads\/2023\/07\/Screenshot-2023-07-06-at-20.47.42.png\" alt=\"\" class=\"wp-image-51579\" srcset=\"https:\/\/accessbusinessenglish.com\/wp-content\/uploads\/2023\/07\/Screenshot-2023-07-06-at-20.47.42.png 862w, https:\/\/accessbusinessenglish.com\/wp-content\/uploads\/2023\/07\/Screenshot-2023-07-06-at-20.47.42-295x300.png 295w, https:\/\/accessbusinessenglish.com\/wp-content\/uploads\/2023\/07\/Screenshot-2023-07-06-at-20.47.42-768x782.png 768w, https:\/\/accessbusinessenglish.com\/wp-content\/uploads\/2023\/07\/Screenshot-2023-07-06-at-20.47.42-12x12.png 12w\" sizes=\"auto, (max-width: 862px) 100vw, 862px\" \/><\/figure>\n\n\n\n<p class=\"has-ast-global-color-0-color has-text-color has-link-color wp-elements-637a70f189f53c3fc5847f66d045394e\" style=\"font-size:17px\"><strong>Cours de conversation de niveau interm\u00e9diaire sur les chemins de fer: Ouigo (Espagne)<\/strong><\/p>\n\n\n\n<div class=\"wp-block-buttons is-layout-flex wp-block-buttons-is-layout-flex\">\n<div class=\"wp-block-button has-custom-width wp-block-button__width-50 is-style-outline is-style-outline--6\"><a class=\"wp-block-button__link has-theme-palette-2-color has-theme-palette-1-background-color has-text-color has-background has-link-color has-text-align-center has-custom-font-size wp-element-button\" href=\"https:\/\/accessbusinessenglish.com\/fr\/tourism-intermediate-conversation-lesson-rail-ouigo-espana\/\" style=\"border-width:2px;border-top-left-radius:15px;border-top-right-radius:15px;border-bottom-left-radius:15px;border-bottom-right-radius:15px;padding-top:20px;padding-right:20px;padding-bottom:20px;padding-left:20px;font-size:17px\"><strong>Chemins de fer - Ouigo (Espagne)<\/strong><\/a><\/div>\n<\/div>\n\n\n\n<div style=\"height:50px\" aria-hidden=\"true\" class=\"wp-block-spacer\"><\/div>\n\n\n\n<figure class=\"wp-block-image size-full\"><img loading=\"lazy\" decoding=\"async\" width=\"700\" height=\"414\" src=\"https:\/\/accessbusinessenglish.com\/wp-content\/uploads\/2024\/09\/hotel-excelsior.jpg\" alt=\"\" class=\"wp-image-53633\" srcset=\"https:\/\/accessbusinessenglish.com\/wp-content\/uploads\/2024\/09\/hotel-excelsior.jpg 700w, https:\/\/accessbusinessenglish.com\/wp-content\/uploads\/2024\/09\/hotel-excelsior-300x177.jpg 300w, https:\/\/accessbusinessenglish.com\/wp-content\/uploads\/2024\/09\/hotel-excelsior-18x12.jpg 18w\" sizes=\"auto, (max-width: 700px) 100vw, 700px\" \/><\/figure>\n\n\n\n<p class=\"has-ast-global-color-0-color has-text-color has-link-color wp-elements-1c5d2df0045fc48f25418b05e3952473\" style=\"font-size:17px\"><strong>Cours de conversation de niveau interm\u00e9diaire sur l'h\u00f4tellerie: H\u00f4tel Excelsior, Saint-Rapha\u00ebl (France)<\/strong><\/p>\n\n\n\n<div class=\"wp-block-buttons is-layout-flex wp-block-buttons-is-layout-flex\">\n<div class=\"wp-block-button has-custom-width wp-block-button__width-50 is-style-outline is-style-outline--7\"><a class=\"wp-block-button__link has-theme-palette-2-color has-theme-palette-1-background-color has-text-color has-background has-link-color has-text-align-center has-custom-font-size wp-element-button\" href=\"https:\/\/accessbusinessenglish.com\/fr\/tourism-intermediate-conversation-lesson-hospitality-excelsior-hotel-france\/\" style=\"border-width:2px;border-top-left-radius:15px;border-top-right-radius:15px;border-bottom-left-radius:15px;border-bottom-right-radius:15px;padding-top:20px;padding-right:20px;padding-bottom:20px;padding-left:20px;font-size:17px\"><strong>H\u00f4tellerie - Excelsior H\u00f4tel, Saint Rapha\u00ebl (France)<\/strong><\/a><\/div>\n<\/div>\n\n\n\n<div style=\"height:51px\" aria-hidden=\"true\" class=\"wp-block-spacer\"><\/div>\n\n\n\n<figure class=\"wp-block-image size-full is-resized\"><img loading=\"lazy\" decoding=\"async\" width=\"2560\" height=\"1920\" src=\"https:\/\/accessbusinessenglish.com\/wp-content\/uploads\/2023\/08\/19-06-23-Santona-taken-from-Round-Tower-Portsmouth-scaled-1.jpg\" alt=\"\" class=\"wp-image-52651\" style=\"width:1188px;height:auto\" srcset=\"https:\/\/accessbusinessenglish.com\/wp-content\/uploads\/2023\/08\/19-06-23-Santona-taken-from-Round-Tower-Portsmouth-scaled-1.jpg 2560w, https:\/\/accessbusinessenglish.com\/wp-content\/uploads\/2023\/08\/19-06-23-Santona-taken-from-Round-Tower-Portsmouth-scaled-1-300x225.jpg 300w, https:\/\/accessbusinessenglish.com\/wp-content\/uploads\/2023\/08\/19-06-23-Santona-taken-from-Round-Tower-Portsmouth-scaled-1-1024x768.jpg 1024w, https:\/\/accessbusinessenglish.com\/wp-content\/uploads\/2023\/08\/19-06-23-Santona-taken-from-Round-Tower-Portsmouth-scaled-1-768x576.jpg 768w, https:\/\/accessbusinessenglish.com\/wp-content\/uploads\/2023\/08\/19-06-23-Santona-taken-from-Round-Tower-Portsmouth-scaled-1-1536x1152.jpg 1536w, https:\/\/accessbusinessenglish.com\/wp-content\/uploads\/2023\/08\/19-06-23-Santona-taken-from-Round-Tower-Portsmouth-scaled-1-2048x1536.jpg 2048w, https:\/\/accessbusinessenglish.com\/wp-content\/uploads\/2023\/08\/19-06-23-Santona-taken-from-Round-Tower-Portsmouth-scaled-1-16x12.jpg 16w\" sizes=\"auto, (max-width: 2560px) 100vw, 2560px\" \/><\/figure>\n\n\n\n<p class=\"has-ast-global-color-0-color has-text-color has-link-color wp-elements-606fd6426a053189252f071804b2c3fe\" style=\"font-size:17px\"><strong>Cours de conversation de niveau interm\u00e9diaire sur les voyages en mer: Brittany Ferries (France)<\/strong><\/p>\n\n\n\n<div class=\"wp-block-buttons is-layout-flex wp-block-buttons-is-layout-flex\">\n<div class=\"wp-block-button has-custom-width wp-block-button__width-50 is-style-outline is-style-outline--8\"><a class=\"wp-block-button__link has-theme-palette-2-color has-theme-palette-1-background-color has-text-color has-background has-link-color has-text-align-center has-custom-font-size wp-element-button\" href=\"https:\/\/accessbusinessenglish.com\/fr\/tourism-intermediate-conversation-lesson-sea-travel-brittany-ferries\/\" style=\"border-width:2px;border-top-left-radius:15px;border-top-right-radius:15px;border-bottom-left-radius:15px;border-bottom-right-radius:15px;padding-top:20px;padding-right:20px;padding-bottom:20px;padding-left:20px;font-size:17px\"><strong>Voyages en mer - Brittany Ferries (France)<\/strong><\/a><\/div>\n<\/div>\n\n\n\n<div style=\"height:50px\" aria-hidden=\"true\" class=\"wp-block-spacer\"><\/div>\n\n\n\n<p class=\"has-ast-global-color-0-color has-text-color has-link-color wp-elements-3337c8d932b4fa0579d63e05a48236e7\" style=\"font-size:19px;line-height:1.4\"><strong>* <span style=\"text-decoration: underline;\">Organiser la le\u00e7on de conversation d'essai<\/span><\/strong><\/p>\n\n\n\n<p class=\"has-text-align-justify has-ast-global-color-0-color has-text-color has-link-color wp-elements-3659f07d4190525d5e4e55ac1e1f6358\" style=\"font-size:17px;line-height:1.4\">Apr\u00e8s avoir examin\u00e9 les exemples de le\u00e7ons et choisi l'une d'entre elles, envoyez-nous un courriel et nous vous contacterons pour convenir d'un horaire<strong><em> <\/em><\/strong>pour votre <strong>\u00abLe\u00e7on de conversation \u00e0 l'essai\u00bb<\/strong>. <strong><a class=\"ek-link\" href=\"\/fr\/kieron.heath@accessbusinessenglish.com\/\">[<\/a><a class=\"ek-link\" href=\"mailto:kieron.heath@accessbusinessenglish.com\">kieron.heath@accessbusinessenglish.com<\/a>]<\/strong><\/p>\n\n\n\n<p><\/p>","protected":false},"excerpt":{"rendered":"<p>Key Points&#8230; * Business English Conversation Courses &#8211; Individual Package Options (5 hours, 10 hours, 25 hours and 50 hours) Our Business English Conversation Courses offer packages of 5, 10, 25 or 50 hours and give learners the flexibility to choose the length of time for each individual lesson: the minimum time for a single&#8230;<\/p>","protected":false},"author":269,"featured_media":0,"parent":49170,"menu_order":0,"comment_status":"closed","ping_status":"closed","template":"","meta":{"_kad_post_transparent":"","_kad_post_title":"","_kad_post_layout":"","_kad_post_sidebar_id":"","_kad_post_content_style":"","_kad_post_vertical_padding":"","_kad_post_feature":"","_kad_post_feature_position":"","_kad_post_header":false,"_kad_post_footer":false,"_kad_post_classname":"","footnotes":""},"class_list":["post-49260","page","type-page","status-publish","hentry"],"_links":{"self":[{"href":"https:\/\/accessbusinessenglish.com\/fr\/wp-json\/wp\/v2\/pages\/49260","targetHints":{"allow":["GET"]}}],"collection":[{"href":"https:\/\/accessbusinessenglish.com\/fr\/wp-json\/wp\/v2\/pages"}],"about":[{"href":"https:\/\/accessbusinessenglish.com\/fr\/wp-json\/wp\/v2\/types\/page"}],"author":[{"embeddable":true,"href":"https:\/\/accessbusinessenglish.com\/fr\/wp-json\/wp\/v2\/users\/269"}],"replies":[{"embeddable":true,"href":"https:\/\/accessbusinessenglish.com\/fr\/wp-json\/wp\/v2\/comments?post=49260"}],"version-history":[{"count":319,"href":"https:\/\/accessbusinessenglish.com\/fr\/wp-json\/wp\/v2\/pages\/49260\/revisions"}],"predecessor-version":[{"id":58468,"href":"https:\/\/accessbusinessenglish.com\/fr\/wp-json\/wp\/v2\/pages\/49260\/revisions\/58468"}],"up":[{"embeddable":true,"href":"https:\/\/accessbusinessenglish.com\/fr\/wp-json\/wp\/v2\/pages\/49170"}],"wp:attachment":[{"href":"https:\/\/accessbusinessenglish.com\/fr\/wp-json\/wp\/v2\/media?parent=49260"}],"curies":[{"name":"wp","href":"https:\/\/api.w.org\/{rel}","templated":true}]}}