{"id":51559,"date":"2023-07-04T16:20:14","date_gmt":"2023-07-04T15:20:14","guid":{"rendered":"https:\/\/accessbusinessenglish.com\/accessabe-mkii-p\/?page_id=51559"},"modified":"2026-03-06T13:27:56","modified_gmt":"2026-03-06T13:27:56","slug":"tourism-intermediate-conversation-lesson-hospitality-excelsior-hotel-france","status":"publish","type":"page","link":"https:\/\/accessbusinessenglish.com\/fr\/tourism-intermediate-conversation-lesson-hospitality-excelsior-hotel-france\/","title":{"rendered":"Cours de conversation de niveau interm\u00e9diaire sur l'h\u00f4tellerie: Excelsior Hotel, Saint-Rapha\u00ebl (France)"},"content":{"rendered":"<p class=\"has-ast-global-color-0-color has-text-color has-link-color has-medium-font-size wp-elements-d2c268c49b22e7d84553fd80a5ac8914\"><strong>Cours de conversation de niveau interm\u00e9diaire sur <strong>l'h\u00f4tellerie:<\/strong> Excelsior Hotel, Saint-Rapha\u00ebl (France)<\/strong><\/p>\n\n\n\n<p class=\"has-ast-global-color-0-color has-text-color has-link-color wp-elements-616ea8301d3dc0866407550784018d28 translation-block\" style=\"font-size:16px;line-height:1.4\"><b><i> Avant votre le\u00e7on d'essai, \u00e9coutez l'enregistrement audio tout en lisant le texte. De plus, \u00e9tudiez les 5 questions pour mieux comprendre les sujets et les th\u00e8mes qui seront abord\u00e9s lors de votre le\u00e7on de conversation d'essai en ligne. <\/b><\/i><\/p>\n\n\n\n<p><\/p>\n\n\n\n<figure class=\"wp-block-audio\"><audio controls src=\"https:\/\/accessbusinessenglish.com\/wp-content\/uploads\/2023\/08\/FINAL-PROOF2-INT-CONBE-TOURISM-Excelsior.mp3\"><\/audio><\/figure>\n\n\n\n<p><\/p>\n\n\n\n<p class=\"has-ast-global-color-0-color has-text-color has-link-color wp-elements-8746a8a82bbe36db5fa2f9d12dfcc798\" style=\"font-size:16px;letter-spacing:0.4px;line-height:1.4\">Originally built in 1882 by the architect Pierre Aubl\u00e9, the Excelsior Hotel is a beautiful and elegant white building with a&nbsp;unique location<strong> <\/strong>next to the Mediterranean on the \u201cPromenade des Bains\u201d in Saint-Rapha\u00ebl on the famous French Riviera. This historic hotel is regarded as an architectural institution and is an important part of the history of the town. Furthermore, the Excelsior is renowned throughout the world of hospitality and has won many prestigious awards.<\/p>\n\n\n\n<p class=\"has-ast-global-color-0-color has-text-color has-link-color wp-elements-98b47208031717901e7180cd81361951\" style=\"font-size:16px;letter-spacing:0.4px;line-height:1.4\">Today, the third generation of the Courjon family-owned hotel and restaurant welcomes guests from around the world who enjoy discovering the local tourism treasures of Saint-Rapha\u00ebl and the French Riviera. In addition to the mostly clear blue skies, the town enjoys a pleasant Mediterranean climate and hotel guests also enjoy the&nbsp;gentle and relaxed way of daily life year-round.<\/p>\n\n\n\n<p class=\"has-ast-global-color-0-color has-text-color has-link-color wp-elements-fa7d7b3ed46c76d40d661e67b3615dc7\" style=\"font-size:16px;letter-spacing:0.4px;line-height:1.4\">The rooms of the Excelsior Hotel combine the charm of the Belle \u00c9poque with the 4-star comfort of today. Certain rooms offer a beautiful sea view, while others look out onto the 1883 basilica, &#8220;Notre Dame de la Victoire&#8221;. Historically, during the latter half of the 19<sup>th<\/sup> century, the town developed into a seaside resort which quickly became very popular with artists, sportsmen and politicians. All the hotel&#8217;s guests greatly enjoy its charming location&nbsp;right in the city centre and, at the same time, right by the sea.<\/p>\n\n\n\n<p class=\"has-ast-global-color-0-color has-text-color has-link-color wp-elements-9d74f3a2cd2fc32fd04f02488c322d3d\" style=\"font-size:16px;letter-spacing:0.4px;line-height:1.4\">The town of Saint-Rapha\u00ebl is well known for the many vacation opportunities available not only to the guests of the Excelsior Hotel but also to the thousands of international and French tourists who visit the French Riviera every year. For example, there are many outdoor activities including hiking, boating, equitation, open-air concerts and markets. The renowned professional staff at the hotel always give the highest level of customer service and go the extra mile to ensure that guests are offered the best advice on activities available in the town and the local area.<\/p>\n\n\n\n<p class=\"has-ast-global-color-0-color has-text-color has-link-color wp-elements-4ab0b5ab776c7072c3890b0fd7237388\"><em><strong>5 Key topics<\/strong>&nbsp;<strong>for discussion in the conversation lesson<\/strong><\/em><\/p>\n\n\n\n<p class=\"has-ast-global-color-0-color has-text-color has-link-color wp-elements-87cdbfa1c6f20e35b1b5e0fff9b14348\">1. Summarise briefly the article in your own words and your initial reaction to it.<\/p>\n\n\n\n<p class=\"has-ast-global-color-0-color has-text-color has-link-color wp-elements-57bc4413af7f74dcb74e16db9425aaad\">2. Detail the history of the Excelsior Hotel and the town of Saint-Rapha\u00ebl.<\/p>\n\n\n\n<p class=\"has-ast-global-color-0-color has-text-color has-link-color wp-elements-f5f3e051683a88a236b4defc1a3ef64d\">3. Describe the hotel&#8217;s location in France.<\/p>\n\n\n\n<p class=\"has-ast-global-color-0-color has-text-color has-link-color wp-elements-47a24a715c535d8bdb12d85baacbcd69\">4. Give a description of the hotel rooms and the kind of activities available to hotel guests in the town and surrounding area.<\/p>\n\n\n\n<p class=\"has-ast-global-color-0-color has-text-color has-link-color wp-elements-3b0ffd16094bf3e7184fa3f6ac623974\">5. Typify the staff who work at the Excelsior Hotel.<\/p>\n\n\n\n<p class=\"has-ast-global-color-0-color has-text-color has-link-color wp-elements-0acb7db682b8827b9edec8a438f121a7\"><strong><em><a href=\"https:\/\/excelsior-hotel.com\/en\/\" class=\"ek-link\">https:\/\/excelsior-hotel.com\/en\/<\/a><\/em><\/strong><\/p>\n\n\n\n<figure class=\"wp-block-image size-full\"><img loading=\"lazy\" decoding=\"async\" width=\"942\" height=\"620\" src=\"https:\/\/accessbusinessenglish.com\/wp-content\/uploads\/2023\/07\/Screenshot-2023-07-07-at-17.56.53.png\" alt=\"\" class=\"wp-image-51633\" srcset=\"https:\/\/accessbusinessenglish.com\/wp-content\/uploads\/2023\/07\/Screenshot-2023-07-07-at-17.56.53.png 942w, https:\/\/accessbusinessenglish.com\/wp-content\/uploads\/2023\/07\/Screenshot-2023-07-07-at-17.56.53-300x197.png 300w, https:\/\/accessbusinessenglish.com\/wp-content\/uploads\/2023\/07\/Screenshot-2023-07-07-at-17.56.53-768x505.png 768w, https:\/\/accessbusinessenglish.com\/wp-content\/uploads\/2023\/07\/Screenshot-2023-07-07-at-17.56.53-18x12.png 18w\" sizes=\"auto, (max-width: 942px) 100vw, 942px\" \/><\/figure>","protected":false},"excerpt":{"rendered":"<p>Tourism Intermediate Conversation Lesson: Hospitality &#8211; Excelsior Hotel, Saint-Rapha\u00ebl, France Before&nbsp;your trial lesson, listen to the audio recording whilst reading the text. Additionally, study the 5 questions to gain an understanding of the topics and themes that will be covered during your online trial conversation lesson. Originally built in 1882 by the architect Pierre Aubl\u00e9,&#8230;<\/p>","protected":false},"author":269,"featured_media":51563,"parent":0,"menu_order":0,"comment_status":"closed","ping_status":"closed","template":"","meta":{"_kad_post_transparent":"","_kad_post_title":"","_kad_post_layout":"","_kad_post_sidebar_id":"","_kad_post_content_style":"","_kad_post_vertical_padding":"","_kad_post_feature":"","_kad_post_feature_position":"","_kad_post_header":false,"_kad_post_footer":false,"_kad_post_classname":"","footnotes":""},"class_list":["post-51559","page","type-page","status-publish","has-post-thumbnail","hentry"],"_links":{"self":[{"href":"https:\/\/accessbusinessenglish.com\/fr\/wp-json\/wp\/v2\/pages\/51559","targetHints":{"allow":["GET"]}}],"collection":[{"href":"https:\/\/accessbusinessenglish.com\/fr\/wp-json\/wp\/v2\/pages"}],"about":[{"href":"https:\/\/accessbusinessenglish.com\/fr\/wp-json\/wp\/v2\/types\/page"}],"author":[{"embeddable":true,"href":"https:\/\/accessbusinessenglish.com\/fr\/wp-json\/wp\/v2\/users\/269"}],"replies":[{"embeddable":true,"href":"https:\/\/accessbusinessenglish.com\/fr\/wp-json\/wp\/v2\/comments?post=51559"}],"version-history":[{"count":41,"href":"https:\/\/accessbusinessenglish.com\/fr\/wp-json\/wp\/v2\/pages\/51559\/revisions"}],"predecessor-version":[{"id":58298,"href":"https:\/\/accessbusinessenglish.com\/fr\/wp-json\/wp\/v2\/pages\/51559\/revisions\/58298"}],"wp:featuredmedia":[{"embeddable":true,"href":"https:\/\/accessbusinessenglish.com\/fr\/wp-json\/wp\/v2\/media\/51563"}],"wp:attachment":[{"href":"https:\/\/accessbusinessenglish.com\/fr\/wp-json\/wp\/v2\/media?parent=51559"}],"curies":[{"name":"wp","href":"https:\/\/api.w.org\/{rel}","templated":true}]}}